{"id":62,"date":"2023-04-30T22:52:24","date_gmt":"2023-04-30T20:52:24","guid":{"rendered":"https:\/\/coraliemichel.fr\/?page_id=62"},"modified":"2023-05-19T14:47:25","modified_gmt":"2023-05-19T12:47:25","slug":"formulaire-de-prise-de-contact","status":"publish","type":"page","link":"https:\/\/coraliemichel.fr\/?page_id=62","title":{"rendered":"Formulaire de prise de contact"},"content":{"rendered":"\t\t<div data-elementor-type=\"wp-page\" data-elementor-id=\"62\" class=\"elementor elementor-62\">\n\t\t\t\t\t\t<section class=\"elementor-section elementor-top-section elementor-element elementor-element-e4e1fce elementor-section-full_width elementor-section-height-min-height elementor-section-height-default elementor-section-items-middle\" data-id=\"e4e1fce\" data-element_type=\"section\" data-e-type=\"section\" data-settings=\"{&quot;background_background&quot;:&quot;classic&quot;}\">\n\t\t\t\t\t\t\t<div class=\"elementor-background-overlay\"><\/div>\n\t\t\t\t\t\t\t<div class=\"elementor-container elementor-column-gap-default\">\n\t\t\t\t\t<div class=\"elementor-column elementor-col-100 elementor-top-column elementor-element elementor-element-4b73d02\" data-id=\"4b73d02\" data-element_type=\"column\" data-e-type=\"column\">\n\t\t\t<div class=\"elementor-widget-wrap elementor-element-populated\">\n\t\t\t\t\t\t<div class=\"elementor-element elementor-element-d68496f elementor-widget elementor-widget-heading\" data-id=\"d68496f\" data-element_type=\"widget\" data-e-type=\"widget\" data-widget_type=\"heading.default\">\n\t\t\t\t<div class=\"elementor-widget-container\">\n\t\t\t\t\t<h2 class=\"elementor-heading-title elementor-size-default\">Entreprises, \u00e9tablissements scolaires, r\u00e9sidences seniors, EHPAD, maisons de retraites, collectivit\u00e9s, associations et autres structures<\/h2>\t\t\t\t<\/div>\n\t\t\t\t<\/div>\n\t\t\t\t<div class=\"elementor-element elementor-element-880fba2 elementor-widget elementor-widget-heading\" data-id=\"880fba2\" data-element_type=\"widget\" data-e-type=\"widget\" data-widget_type=\"heading.default\">\n\t\t\t\t<div class=\"elementor-widget-container\">\n\t\t\t\t\t<h1 class=\"elementor-heading-title elementor-size-default\">Prise de contact pour des s\u00e9ances dans votre organisation<\/h1>\t\t\t\t<\/div>\n\t\t\t\t<\/div>\n\t\t\t\t<div class=\"elementor-element elementor-element-047e44b elementor-widget elementor-widget-heading\" data-id=\"047e44b\" data-element_type=\"widget\" data-e-type=\"widget\" data-widget_type=\"heading.default\">\n\t\t\t\t<div class=\"elementor-widget-container\">\n\t\t\t\t\t<h3 class=\"elementor-heading-title elementor-size-default\">Contactez-moi pour que nous parlions de votre projet et de vos besoins<\/h3>\t\t\t\t<\/div>\n\t\t\t\t<\/div>\n\t\t\t\t\t<\/div>\n\t\t<\/div>\n\t\t\t\t\t<\/div>\n\t\t<\/section>\n\t\t\t\t<section class=\"elementor-section elementor-top-section elementor-element elementor-element-5984395 elementor-section-full_width elementor-section-height-default elementor-section-height-default\" data-id=\"5984395\" data-element_type=\"section\" data-e-type=\"section\" data-settings=\"{&quot;background_background&quot;:&quot;classic&quot;}\">\n\t\t\t\t\t\t<div class=\"elementor-container elementor-column-gap-default\">\n\t\t\t\t\t<div class=\"elementor-column elementor-col-100 elementor-top-column elementor-element elementor-element-c4452de\" data-id=\"c4452de\" data-element_type=\"column\" data-e-type=\"column\">\n\t\t\t<div class=\"elementor-widget-wrap elementor-element-populated\">\n\t\t\t\t\t\t<div class=\"elementor-element elementor-element-671fbeb elementor-view-default elementor-widget elementor-widget-icon\" data-id=\"671fbeb\" data-element_type=\"widget\" data-e-type=\"widget\" data-widget_type=\"icon.default\">\n\t\t\t\t<div class=\"elementor-widget-container\">\n\t\t\t\t\t\t\t<div class=\"elementor-icon-wrapper\">\n\t\t\t<div class=\"elementor-icon\">\n\t\t\t<i aria-hidden=\"true\" class=\"far fa-envelope\"><\/i>\t\t\t<\/div>\n\t\t<\/div>\n\t\t\t\t\t\t<\/div>\n\t\t\t\t<\/div>\n\t\t\t\t<div class=\"elementor-element elementor-element-3a4736d elementor-widget elementor-widget-heading\" data-id=\"3a4736d\" data-element_type=\"widget\" data-e-type=\"widget\" data-widget_type=\"heading.default\">\n\t\t\t\t<div class=\"elementor-widget-container\">\n\t\t\t\t\t<h1 class=\"elementor-heading-title elementor-size-default\">Besoin d'un renseignement, d'un devis<\/h1>\t\t\t\t<\/div>\n\t\t\t\t<\/div>\n\t\t\t\t<div class=\"elementor-element elementor-element-6b6dd06 elementor-widget elementor-widget-heading\" data-id=\"6b6dd06\" data-element_type=\"widget\" data-e-type=\"widget\" data-widget_type=\"heading.default\">\n\t\t\t\t<div class=\"elementor-widget-container\">\n\t\t\t\t\t<h2 class=\"elementor-heading-title elementor-size-default\">Merci de bien vouloir compl\u00e9ter le formulaire ci-dessous <\/h2>\t\t\t\t<\/div>\n\t\t\t\t<\/div>\n\t\t\t\t\t<\/div>\n\t\t<\/div>\n\t\t\t\t\t<\/div>\n\t\t<\/section>\n\t\t\t\t<\/div>\n\t\t","protected":false},"excerpt":{"rendered":"<p>Entreprises, \u00e9tablissements scolaires, r\u00e9sidences seniors, EHPAD, maisons de retraites, collectivit\u00e9s, associations et autres structures Prise de contact pour des s\u00e9ances dans votre organisation Contactez-moi pour que nous parlions de votre projet et de vos besoins Besoin d&rsquo;un renseignement, d&rsquo;un devis Merci de bien vouloir compl\u00e9ter le formulaire ci-dessous [wpforms id=\u00a0\u00bb59&Prime; title=\u00a0\u00bbfalse\u00a0\u00bb description=\u00a0\u00bbfalse\u00a0\u00bb]<\/p>\n","protected":false},"author":1,"featured_media":0,"parent":0,"menu_order":0,"comment_status":"closed","ping_status":"closed","template":"elementor_header_footer","meta":{"ocean_post_layout":"","ocean_both_sidebars_style":"","ocean_both_sidebars_content_width":0,"ocean_both_sidebars_sidebars_width":0,"ocean_sidebar":"0","ocean_second_sidebar":"0","ocean_disable_margins":"enable","ocean_add_body_class":"","ocean_shortcode_before_top_bar":"","ocean_shortcode_after_top_bar":"","ocean_shortcode_before_header":"","ocean_shortcode_after_header":"","ocean_has_shortcode":"","ocean_shortcode_after_title":"","ocean_shortcode_before_footer_widgets":"","ocean_shortcode_after_footer_widgets":"","ocean_shortcode_before_footer_bottom":"","ocean_shortcode_after_footer_bottom":"","ocean_display_top_bar":"default","ocean_display_header":"default","ocean_header_style":"","ocean_center_header_left_menu":"0","ocean_custom_header_template":"0","ocean_custom_logo":0,"ocean_custom_retina_logo":0,"ocean_custom_logo_max_width":0,"ocean_custom_logo_tablet_max_width":0,"ocean_custom_logo_mobile_max_width":0,"ocean_custom_logo_max_height":0,"ocean_custom_logo_tablet_max_height":0,"ocean_custom_logo_mobile_max_height":0,"ocean_header_custom_menu":"0","ocean_menu_typo_font_family":"0","ocean_menu_typo_font_subset":"","ocean_menu_typo_font_size":0,"ocean_menu_typo_font_size_tablet":0,"ocean_menu_typo_font_size_mobile":0,"ocean_menu_typo_font_size_unit":"px","ocean_menu_typo_font_weight":"","ocean_menu_typo_font_weight_tablet":"","ocean_menu_typo_font_weight_mobile":"","ocean_menu_typo_transform":"","ocean_menu_typo_transform_tablet":"","ocean_menu_typo_transform_mobile":"","ocean_menu_typo_line_height":0,"ocean_menu_typo_line_height_tablet":0,"ocean_menu_typo_line_height_mobile":0,"ocean_menu_typo_line_height_unit":"","ocean_menu_typo_spacing":0,"ocean_menu_typo_spacing_tablet":0,"ocean_menu_typo_spacing_mobile":0,"ocean_menu_typo_spacing_unit":"","ocean_menu_link_color":"","ocean_menu_link_color_hover":"","ocean_menu_link_color_active":"","ocean_menu_link_background":"","ocean_menu_link_hover_background":"","ocean_menu_link_active_background":"","ocean_menu_social_links_bg":"","ocean_menu_social_hover_links_bg":"","ocean_menu_social_links_color":"","ocean_menu_social_hover_links_color":"","ocean_disable_title":"default","ocean_disable_heading":"default","ocean_post_title":"","ocean_post_subheading":"","ocean_post_title_style":"","ocean_post_title_background_color":"","ocean_post_title_background":0,"ocean_post_title_bg_image_position":"","ocean_post_title_bg_image_attachment":"","ocean_post_title_bg_image_repeat":"","ocean_post_title_bg_image_size":"","ocean_post_title_height":0,"ocean_post_title_bg_overlay":0.5,"ocean_post_title_bg_overlay_color":"","ocean_disable_breadcrumbs":"default","ocean_breadcrumbs_color":"","ocean_breadcrumbs_separator_color":"","ocean_breadcrumbs_links_color":"","ocean_breadcrumbs_links_hover_color":"","ocean_display_footer_widgets":"default","ocean_display_footer_bottom":"default","ocean_custom_footer_template":"0","footnotes":""},"class_list":["post-62","page","type-page","status-publish","hentry","entry"],"yoast_head":"<!-- This site is optimized with the Yoast SEO plugin v25.3.1 - https:\/\/yoast.com\/wordpress\/plugins\/seo\/ -->\n<title>Formulaire de prise de contact - Coralie Michel<\/title>\n<meta name=\"robots\" content=\"noindex, follow\" \/>\n<meta property=\"og:locale\" content=\"fr_FR\" \/>\n<meta property=\"og:type\" content=\"article\" \/>\n<meta property=\"og:title\" content=\"Formulaire de prise de contact - Coralie Michel\" \/>\n<meta property=\"og:description\" content=\"Entreprises, \u00e9tablissements scolaires, r\u00e9sidences seniors, EHPAD, maisons de retraites, collectivit\u00e9s, associations et autres structures Prise de contact pour des s\u00e9ances dans votre organisation Contactez-moi pour que nous parlions de votre projet et de vos besoins Besoin d&rsquo;un renseignement, d&rsquo;un devis Merci de bien vouloir compl\u00e9ter le formulaire ci-dessous [wpforms id=\u00a0\u00bb59&Prime; title=\u00a0\u00bbfalse\u00a0\u00bb description=\u00a0\u00bbfalse\u00a0\u00bb]\" \/>\n<meta property=\"og:url\" content=\"https:\/\/coraliemichel.fr\/?page_id=62\" \/>\n<meta property=\"og:site_name\" content=\"Coralie Michel\" \/>\n<meta property=\"article:publisher\" content=\"https:\/\/www.facebook.com\/profile.php?id=100088401117201\" \/>\n<meta property=\"article:modified_time\" content=\"2023-05-19T12:47:25+00:00\" \/>\n<meta name=\"twitter:card\" content=\"summary_large_image\" \/>\n<meta name=\"twitter:label1\" content=\"Dur\u00e9e de lecture estim\u00e9e\" \/>\n\t<meta name=\"twitter:data1\" content=\"1 minute\" \/>\n<script type=\"application\/ld+json\" class=\"yoast-schema-graph\">{\"@context\":\"https:\/\/schema.org\",\"@graph\":[{\"@type\":\"WebPage\",\"@id\":\"https:\/\/coraliemichel.fr\/?page_id=62\",\"url\":\"https:\/\/coraliemichel.fr\/?page_id=62\",\"name\":\"Formulaire de prise de contact - Coralie Michel\",\"isPartOf\":{\"@id\":\"https:\/\/coraliemichel.fr\/#website\"},\"datePublished\":\"2023-04-30T20:52:24+00:00\",\"dateModified\":\"2023-05-19T12:47:25+00:00\",\"breadcrumb\":{\"@id\":\"https:\/\/coraliemichel.fr\/?page_id=62#breadcrumb\"},\"inLanguage\":\"fr-FR\",\"potentialAction\":[{\"@type\":\"ReadAction\",\"target\":[\"https:\/\/coraliemichel.fr\/?page_id=62\"]}]},{\"@type\":\"BreadcrumbList\",\"@id\":\"https:\/\/coraliemichel.fr\/?page_id=62#breadcrumb\",\"itemListElement\":[{\"@type\":\"ListItem\",\"position\":1,\"name\":\"Accueil\",\"item\":\"https:\/\/coraliemichel.fr\/\"},{\"@type\":\"ListItem\",\"position\":2,\"name\":\"Formulaire de prise de contact\"}]},{\"@type\":\"WebSite\",\"@id\":\"https:\/\/coraliemichel.fr\/#website\",\"url\":\"https:\/\/coraliemichel.fr\/\",\"name\":\"Coralie Michel\",\"description\":\"\",\"publisher\":{\"@id\":\"https:\/\/coraliemichel.fr\/#\/schema\/person\/8622c692ecfa96b858d12a97b3567c5e\"},\"potentialAction\":[{\"@type\":\"SearchAction\",\"target\":{\"@type\":\"EntryPoint\",\"urlTemplate\":\"https:\/\/coraliemichel.fr\/?s={search_term_string}\"},\"query-input\":{\"@type\":\"PropertyValueSpecification\",\"valueRequired\":true,\"valueName\":\"search_term_string\"}}],\"inLanguage\":\"fr-FR\"},{\"@type\":[\"Person\",\"Organization\"],\"@id\":\"https:\/\/coraliemichel.fr\/#\/schema\/person\/8622c692ecfa96b858d12a97b3567c5e\",\"name\":\"cms.coraliemichel@gmail.com\",\"image\":{\"@type\":\"ImageObject\",\"inLanguage\":\"fr-FR\",\"@id\":\"https:\/\/coraliemichel.fr\/#\/schema\/person\/image\/\",\"url\":\"https:\/\/coraliemichel.fr\/wp-content\/uploads\/2023\/09\/cropped-Beige-Elegant-Wedding-Name-Tag.png\",\"contentUrl\":\"https:\/\/coraliemichel.fr\/wp-content\/uploads\/2023\/09\/cropped-Beige-Elegant-Wedding-Name-Tag.png\",\"width\":727,\"height\":289,\"caption\":\"cms.coraliemichel@gmail.com\"},\"logo\":{\"@id\":\"https:\/\/coraliemichel.fr\/#\/schema\/person\/image\/\"},\"sameAs\":[\"http:\/\/coraliemichel.fr\",\"https:\/\/www.facebook.com\/profile.php?id=100088401117201\",\"https:\/\/www.instagram.com\/coralie.michel.712\/\",\"https:\/\/www.linkedin.com\/in\/coralie-michel-5049752b\/\"]}]}<\/script>\n<!-- \/ Yoast SEO plugin. -->","yoast_head_json":{"title":"Formulaire de prise de contact - Coralie Michel","robots":{"index":"noindex","follow":"follow"},"og_locale":"fr_FR","og_type":"article","og_title":"Formulaire de prise de contact - Coralie Michel","og_description":"Entreprises, \u00e9tablissements scolaires, r\u00e9sidences seniors, EHPAD, maisons de retraites, collectivit\u00e9s, associations et autres structures Prise de contact pour des s\u00e9ances dans votre organisation Contactez-moi pour que nous parlions de votre projet et de vos besoins Besoin d&rsquo;un renseignement, d&rsquo;un devis Merci de bien vouloir compl\u00e9ter le formulaire ci-dessous [wpforms id=\u00a0\u00bb59&Prime; title=\u00a0\u00bbfalse\u00a0\u00bb description=\u00a0\u00bbfalse\u00a0\u00bb]","og_url":"https:\/\/coraliemichel.fr\/?page_id=62","og_site_name":"Coralie Michel","article_publisher":"https:\/\/www.facebook.com\/profile.php?id=100088401117201","article_modified_time":"2023-05-19T12:47:25+00:00","twitter_card":"summary_large_image","twitter_misc":{"Dur\u00e9e de lecture estim\u00e9e":"1 minute"},"schema":{"@context":"https:\/\/schema.org","@graph":[{"@type":"WebPage","@id":"https:\/\/coraliemichel.fr\/?page_id=62","url":"https:\/\/coraliemichel.fr\/?page_id=62","name":"Formulaire de prise de contact - Coralie Michel","isPartOf":{"@id":"https:\/\/coraliemichel.fr\/#website"},"datePublished":"2023-04-30T20:52:24+00:00","dateModified":"2023-05-19T12:47:25+00:00","breadcrumb":{"@id":"https:\/\/coraliemichel.fr\/?page_id=62#breadcrumb"},"inLanguage":"fr-FR","potentialAction":[{"@type":"ReadAction","target":["https:\/\/coraliemichel.fr\/?page_id=62"]}]},{"@type":"BreadcrumbList","@id":"https:\/\/coraliemichel.fr\/?page_id=62#breadcrumb","itemListElement":[{"@type":"ListItem","position":1,"name":"Accueil","item":"https:\/\/coraliemichel.fr\/"},{"@type":"ListItem","position":2,"name":"Formulaire de prise de contact"}]},{"@type":"WebSite","@id":"https:\/\/coraliemichel.fr\/#website","url":"https:\/\/coraliemichel.fr\/","name":"Coralie Michel","description":"","publisher":{"@id":"https:\/\/coraliemichel.fr\/#\/schema\/person\/8622c692ecfa96b858d12a97b3567c5e"},"potentialAction":[{"@type":"SearchAction","target":{"@type":"EntryPoint","urlTemplate":"https:\/\/coraliemichel.fr\/?s={search_term_string}"},"query-input":{"@type":"PropertyValueSpecification","valueRequired":true,"valueName":"search_term_string"}}],"inLanguage":"fr-FR"},{"@type":["Person","Organization"],"@id":"https:\/\/coraliemichel.fr\/#\/schema\/person\/8622c692ecfa96b858d12a97b3567c5e","name":"cms.coraliemichel@gmail.com","image":{"@type":"ImageObject","inLanguage":"fr-FR","@id":"https:\/\/coraliemichel.fr\/#\/schema\/person\/image\/","url":"https:\/\/coraliemichel.fr\/wp-content\/uploads\/2023\/09\/cropped-Beige-Elegant-Wedding-Name-Tag.png","contentUrl":"https:\/\/coraliemichel.fr\/wp-content\/uploads\/2023\/09\/cropped-Beige-Elegant-Wedding-Name-Tag.png","width":727,"height":289,"caption":"cms.coraliemichel@gmail.com"},"logo":{"@id":"https:\/\/coraliemichel.fr\/#\/schema\/person\/image\/"},"sameAs":["http:\/\/coraliemichel.fr","https:\/\/www.facebook.com\/profile.php?id=100088401117201","https:\/\/www.instagram.com\/coralie.michel.712\/","https:\/\/www.linkedin.com\/in\/coralie-michel-5049752b\/"]}]}},"_links":{"self":[{"href":"https:\/\/coraliemichel.fr\/index.php?rest_route=\/wp\/v2\/pages\/62","targetHints":{"allow":["GET"]}}],"collection":[{"href":"https:\/\/coraliemichel.fr\/index.php?rest_route=\/wp\/v2\/pages"}],"about":[{"href":"https:\/\/coraliemichel.fr\/index.php?rest_route=\/wp\/v2\/types\/page"}],"author":[{"embeddable":true,"href":"https:\/\/coraliemichel.fr\/index.php?rest_route=\/wp\/v2\/users\/1"}],"replies":[{"embeddable":true,"href":"https:\/\/coraliemichel.fr\/index.php?rest_route=%2Fwp%2Fv2%2Fcomments&post=62"}],"version-history":[{"count":11,"href":"https:\/\/coraliemichel.fr\/index.php?rest_route=\/wp\/v2\/pages\/62\/revisions"}],"predecessor-version":[{"id":1084,"href":"https:\/\/coraliemichel.fr\/index.php?rest_route=\/wp\/v2\/pages\/62\/revisions\/1084"}],"wp:attachment":[{"href":"https:\/\/coraliemichel.fr\/index.php?rest_route=%2Fwp%2Fv2%2Fmedia&parent=62"}],"curies":[{"name":"wp","href":"https:\/\/api.w.org\/{rel}","templated":true}]}}