{"id":197,"date":"2023-05-01T07:20:03","date_gmt":"2023-05-01T05:20:03","guid":{"rendered":"https:\/\/coraliemichel.fr\/?page_id=197"},"modified":"2024-08-13T16:11:14","modified_gmt":"2024-08-13T14:11:14","slug":"combien-ca-coute","status":"publish","type":"page","link":"https:\/\/coraliemichel.fr\/?page_id=197","title":{"rendered":"Tarifs"},"content":{"rendered":"\t\t<div data-elementor-type=\"wp-page\" data-elementor-id=\"197\" class=\"elementor elementor-197\">\n\t\t\t\t\t\t<section class=\"elementor-section elementor-top-section elementor-element elementor-element-15539b9 elementor-section-full_width elementor-section-height-min-height elementor-section-height-default elementor-section-items-middle\" data-id=\"15539b9\" data-element_type=\"section\" data-e-type=\"section\" data-settings=\"{&quot;background_background&quot;:&quot;classic&quot;}\">\n\t\t\t\t\t\t\t<div class=\"elementor-background-overlay\"><\/div>\n\t\t\t\t\t\t\t<div class=\"elementor-container elementor-column-gap-default\">\n\t\t\t\t\t<div class=\"elementor-column elementor-col-100 elementor-top-column elementor-element elementor-element-cf80e1a\" data-id=\"cf80e1a\" data-element_type=\"column\" data-e-type=\"column\">\n\t\t\t<div class=\"elementor-widget-wrap elementor-element-populated\">\n\t\t\t\t\t\t<div class=\"elementor-element elementor-element-a0e1c2f elementor-widget elementor-widget-heading\" data-id=\"a0e1c2f\" data-element_type=\"widget\" data-e-type=\"widget\" data-widget_type=\"heading.default\">\n\t\t\t\t<div class=\"elementor-widget-container\">\n\t\t\t\t\t<h2 class=\"elementor-heading-title elementor-size-default\">Combien \u00e7a co\u00fbte<\/h2>\t\t\t\t<\/div>\n\t\t\t\t<\/div>\n\t\t\t\t<div class=\"elementor-element elementor-element-a61d5b9 elementor-widget elementor-widget-heading\" data-id=\"a61d5b9\" data-element_type=\"widget\" data-e-type=\"widget\" data-widget_type=\"heading.default\">\n\t\t\t\t<div class=\"elementor-widget-container\">\n\t\t\t\t\t<h1 class=\"elementor-heading-title elementor-size-default\">Un investissement pour votre mieux-\u00eatre<\/h1>\t\t\t\t<\/div>\n\t\t\t\t<\/div>\n\t\t\t\t<div class=\"elementor-element elementor-element-ef1c67d elementor-widget elementor-widget-heading\" data-id=\"ef1c67d\" data-element_type=\"widget\" data-e-type=\"widget\" data-widget_type=\"heading.default\">\n\t\t\t\t<div class=\"elementor-widget-container\">\n\t\t\t\t\t<h3 class=\"elementor-heading-title elementor-size-default\">Le cadeau que vous vous fa\u00eetes \u00e0 vous-m\u00eame pour vous aider \u00e0 mieux comprendre vos pens\u00e9es, vos \u00e9motions et vos comportements, pour vous aider \u00e0 vivre une vie plus \u00e9panouissante et \u00e9quilibr\u00e9e ou, plus simplement, pour trouver des solutions \u00e0 ce qui vous pose probl\u00e8me<\/h3>\t\t\t\t<\/div>\n\t\t\t\t<\/div>\n\t\t\t\t\t<\/div>\n\t\t<\/div>\n\t\t\t\t\t<\/div>\n\t\t<\/section>\n\t\t\t\t<section class=\"elementor-section elementor-top-section elementor-element elementor-element-bf87458 elementor-section-content-middle elementor-section-boxed elementor-section-height-default elementor-section-height-default\" data-id=\"bf87458\" data-element_type=\"section\" data-e-type=\"section\">\n\t\t\t\t\t\t<div class=\"elementor-container elementor-column-gap-custom\">\n\t\t\t\t\t<div class=\"elementor-column elementor-col-100 elementor-top-column elementor-element elementor-element-f1fdf88\" data-id=\"f1fdf88\" data-element_type=\"column\" data-e-type=\"column\" data-settings=\"{&quot;background_background&quot;:&quot;classic&quot;}\">\n\t\t\t<div class=\"elementor-widget-wrap elementor-element-populated\">\n\t\t\t\t\t\t<div class=\"elementor-element elementor-element-93e66fb elementor-view-default elementor-widget elementor-widget-icon\" data-id=\"93e66fb\" data-element_type=\"widget\" data-e-type=\"widget\" data-widget_type=\"icon.default\">\n\t\t\t\t<div class=\"elementor-widget-container\">\n\t\t\t\t\t\t\t<div class=\"elementor-icon-wrapper\">\n\t\t\t<div class=\"elementor-icon\">\n\t\t\t<i aria-hidden=\"true\" class=\"fas fa-spa\"><\/i>\t\t\t<\/div>\n\t\t<\/div>\n\t\t\t\t\t\t<\/div>\n\t\t\t\t<\/div>\n\t\t\t\t<div class=\"elementor-element elementor-element-78d93e6 elementor-widget elementor-widget-heading\" data-id=\"78d93e6\" data-element_type=\"widget\" data-e-type=\"widget\" data-widget_type=\"heading.default\">\n\t\t\t\t<div class=\"elementor-widget-container\">\n\t\t\t\t\t<h2 class=\"elementor-heading-title elementor-size-default\">Aucun des programmes propos\u00e9s ne r\u00e9pond \u00e0 votre besoin, composez votre  accompagnement sur-mesure en fonction de vos envies<\/h2>\t\t\t\t<\/div>\n\t\t\t\t<\/div>\n\t\t\t\t<section class=\"elementor-section elementor-inner-section elementor-element elementor-element-9818441 elementor-section-boxed elementor-section-height-default elementor-section-height-default\" data-id=\"9818441\" data-element_type=\"section\" data-e-type=\"section\">\n\t\t\t\t\t\t<div class=\"elementor-container elementor-column-gap-default\">\n\t\t\t\t\t<div class=\"elementor-column elementor-col-50 elementor-inner-column elementor-element elementor-element-fd89135\" data-id=\"fd89135\" data-element_type=\"column\" data-e-type=\"column\">\n\t\t\t<div class=\"elementor-widget-wrap elementor-element-populated\">\n\t\t\t\t\t\t<div class=\"elementor-element elementor-element-4d74b5a elementor-widget elementor-widget-heading\" data-id=\"4d74b5a\" data-element_type=\"widget\" data-e-type=\"widget\" data-widget_type=\"heading.default\">\n\t\t\t\t<div class=\"elementor-widget-container\">\n\t\t\t\t\t<h2 class=\"elementor-heading-title elementor-size-default\">Achat \u00e0 la s\u00e9ance<\/h2>\t\t\t\t<\/div>\n\t\t\t\t<\/div>\n\t\t\t\t<div class=\"elementor-element elementor-element-3c2ace6 elementor-widget elementor-widget-text-editor\" data-id=\"3c2ace6\" data-element_type=\"widget\" data-e-type=\"widget\" data-widget_type=\"text-editor.default\">\n\t\t\t\t<div class=\"elementor-widget-container\">\n\t\t\t\t\t\t\t\t\t<p>Pour ceux qui appr\u00e9cient la libert\u00e9 de vivre l&rsquo;instant pr\u00e9sent et de profiter de mes services \u00e0 leur rythme, l&rsquo;achat \u00e0 la s\u00e9ance vous offre la flexibilit\u00e9 n\u00e9cessaire pour d\u00e9couvrir mon offre sans vous engager, vous permettant ainsi de savourer chaque exp\u00e9rience \u00e0 votre mani\u00e8re.<\/p>\t\t\t\t\t\t\t\t<\/div>\n\t\t\t\t<\/div>\n\t\t\t\t<div class=\"elementor-element elementor-element-479cb23 elementor-widget elementor-widget-text-editor\" data-id=\"479cb23\" data-element_type=\"widget\" data-e-type=\"widget\" data-widget_type=\"text-editor.default\">\n\t\t\t\t<div class=\"elementor-widget-container\">\n\t\t\t\t\t\t\t\t\t<p><strong>Premi\u00e8re s\u00e9ance<\/strong>\u00a0: 1h30 | 80 \u20ac<\/p><p><strong>S\u00e9ances suivantes<\/strong>\u00a0: 1h00 | 70 \u20ac<\/p>\t\t\t\t\t\t\t\t<\/div>\n\t\t\t\t<\/div>\n\t\t\t\t\t<\/div>\n\t\t<\/div>\n\t\t\t\t<div class=\"elementor-column elementor-col-50 elementor-inner-column elementor-element elementor-element-81965b6\" data-id=\"81965b6\" data-element_type=\"column\" data-e-type=\"column\">\n\t\t\t<div class=\"elementor-widget-wrap elementor-element-populated\">\n\t\t\t\t\t\t<div class=\"elementor-element elementor-element-6ea4699 elementor-widget elementor-widget-heading\" data-id=\"6ea4699\" data-element_type=\"widget\" data-e-type=\"widget\" data-widget_type=\"heading.default\">\n\t\t\t\t<div class=\"elementor-widget-container\">\n\t\t\t\t\t<h2 class=\"elementor-heading-title elementor-size-default\">Achat de pack<\/h2>\t\t\t\t<\/div>\n\t\t\t\t<\/div>\n\t\t\t\t<div class=\"elementor-element elementor-element-856379d elementor-widget elementor-widget-text-editor\" data-id=\"856379d\" data-element_type=\"widget\" data-e-type=\"widget\" data-widget_type=\"text-editor.default\">\n\t\t\t\t<div class=\"elementor-widget-container\">\n\t\t\t\t\t\t\t\t\t<p>Pour ceux qui d\u00e9sirent s&rsquo;engager pleinement dans une transformation durable et significative, mes offres vous permettent de progresser vers votre objectif, tout en b\u00e9n\u00e9ficiant d&rsquo;un tarif pr\u00e9f\u00e9rentiel.<\/p><p>Selon votre objectif, je vous guide vers le pack qui r\u00e9pondra le mieux \u00e0 vos besoins.<\/p>\t\t\t\t\t\t\t\t<\/div>\n\t\t\t\t<\/div>\n\t\t\t\t<div class=\"elementor-element elementor-element-8535fe0 elementor-widget elementor-widget-text-editor\" data-id=\"8535fe0\" data-element_type=\"widget\" data-e-type=\"widget\" data-widget_type=\"text-editor.default\">\n\t\t\t\t<div class=\"elementor-widget-container\">\n\t\t\t\t\t\t\t\t\t<p><strong>Pack 3 s\u00e9ances<\/strong> | 195 \u20ac<\/p><p><strong>Pack 8 s\u00e9ances<\/strong> | 480 \u20ac<\/p><p><strong>Pack\u00a012 s\u00e9ances<\/strong> | 660 \u20ac<\/p><p>Chaque pack est payable en une fois \u00e0 la premi\u00e8re s\u00e9ance.<\/p>\t\t\t\t\t\t\t\t<\/div>\n\t\t\t\t<\/div>\n\t\t\t\t\t<\/div>\n\t\t<\/div>\n\t\t\t\t\t<\/div>\n\t\t<\/section>\n\t\t\t\t\t<\/div>\n\t\t<\/div>\n\t\t\t\t\t<\/div>\n\t\t<\/section>\n\t\t\t\t<section class=\"elementor-section elementor-top-section elementor-element elementor-element-23e35cb elementor-section-boxed elementor-section-height-default elementor-section-height-default\" data-id=\"23e35cb\" data-element_type=\"section\" data-e-type=\"section\">\n\t\t\t\t\t\t<div class=\"elementor-container elementor-column-gap-default\">\n\t\t\t\t\t<div class=\"elementor-column elementor-col-100 elementor-top-column elementor-element elementor-element-4b75469\" data-id=\"4b75469\" data-element_type=\"column\" data-e-type=\"column\">\n\t\t\t<div class=\"elementor-widget-wrap elementor-element-populated\">\n\t\t\t\t\t\t<div class=\"elementor-element elementor-element-4397d45 elementor-align-center elementor-widget elementor-widget-button\" data-id=\"4397d45\" data-element_type=\"widget\" data-e-type=\"widget\" data-widget_type=\"button.default\">\n\t\t\t\t<div class=\"elementor-widget-container\">\n\t\t\t\t\t\t\t\t\t<div class=\"elementor-button-wrapper\">\n\t\t\t\t\t<a class=\"elementor-button elementor-button-link elementor-size-lg\" href=\"https:\/\/calendly.com\/coralie_michel\/premier-contact\">\n\t\t\t\t\t\t<span class=\"elementor-button-content-wrapper\">\n\t\t\t\t\t\t<span class=\"elementor-button-icon\">\n\t\t\t\t<i aria-hidden=\"true\" class=\"far fa-calendar-alt\"><\/i>\t\t\t<\/span>\n\t\t\t\t\t\t\t\t\t<span class=\"elementor-button-text\">R\u00e9server un appel gratuit<\/span>\n\t\t\t\t\t<\/span>\n\t\t\t\t\t<\/a>\n\t\t\t\t<\/div>\n\t\t\t\t\t\t\t\t<\/div>\n\t\t\t\t<\/div>\n\t\t\t\t\t<\/div>\n\t\t<\/div>\n\t\t\t\t\t<\/div>\n\t\t<\/section>\n\t\t\t\t<section class=\"elementor-section elementor-top-section elementor-element elementor-element-44781a9 elementor-section-boxed elementor-section-height-default elementor-section-height-default\" data-id=\"44781a9\" data-element_type=\"section\" data-e-type=\"section\" data-settings=\"{&quot;background_background&quot;:&quot;classic&quot;}\">\n\t\t\t\t\t\t\t<div class=\"elementor-background-overlay\"><\/div>\n\t\t\t\t\t\t\t<div class=\"elementor-container elementor-column-gap-default\">\n\t\t\t\t\t<div class=\"elementor-column elementor-col-100 elementor-top-column elementor-element elementor-element-1b9334d\" data-id=\"1b9334d\" data-element_type=\"column\" data-e-type=\"column\">\n\t\t\t<div class=\"elementor-widget-wrap elementor-element-populated\">\n\t\t\t\t\t\t<div class=\"elementor-element elementor-element-08f853f elementor-widget elementor-widget-heading\" data-id=\"08f853f\" data-element_type=\"widget\" data-e-type=\"widget\" data-widget_type=\"heading.default\">\n\t\t\t\t<div class=\"elementor-widget-container\">\n\t\t\t\t\t<h2 class=\"elementor-heading-title elementor-size-default\">Modes de paiement<\/h2>\t\t\t\t<\/div>\n\t\t\t\t<\/div>\n\t\t\t\t<div class=\"elementor-element elementor-element-ead7b63 elementor-widget elementor-widget-text-editor\" data-id=\"ead7b63\" data-element_type=\"widget\" data-e-type=\"widget\" data-widget_type=\"text-editor.default\">\n\t\t\t\t<div class=\"elementor-widget-container\">\n\t\t\t\t\t\t\t\t\t<p>Esp\u00e8ces et ch\u00e8ques<\/p>\t\t\t\t\t\t\t\t<\/div>\n\t\t\t\t<\/div>\n\t\t\t\t\t<\/div>\n\t\t<\/div>\n\t\t\t\t\t<\/div>\n\t\t<\/section>\n\t\t\t\t<\/div>\n\t\t","protected":false},"excerpt":{"rendered":"<p>Combien \u00e7a co\u00fbte Un investissement pour votre mieux-\u00eatre Le cadeau que vous vous fa\u00eetes \u00e0 vous-m\u00eame pour vous aider \u00e0 mieux comprendre vos pens\u00e9es, vos \u00e9motions et vos comportements, pour vous aider \u00e0 vivre une vie plus \u00e9panouissante et \u00e9quilibr\u00e9e ou, plus simplement, pour trouver des solutions \u00e0 ce qui vous pose probl\u00e8me Aucun des [&hellip;]<\/p>\n","protected":false},"author":1,"featured_media":0,"parent":0,"menu_order":0,"comment_status":"closed","ping_status":"closed","template":"elementor_header_footer","meta":{"ocean_post_layout":"","ocean_both_sidebars_style":"","ocean_both_sidebars_content_width":0,"ocean_both_sidebars_sidebars_width":0,"ocean_sidebar":"0","ocean_second_sidebar":"0","ocean_disable_margins":"enable","ocean_add_body_class":"","ocean_shortcode_before_top_bar":"","ocean_shortcode_after_top_bar":"","ocean_shortcode_before_header":"","ocean_shortcode_after_header":"","ocean_has_shortcode":"","ocean_shortcode_after_title":"","ocean_shortcode_before_footer_widgets":"","ocean_shortcode_after_footer_widgets":"","ocean_shortcode_before_footer_bottom":"","ocean_shortcode_after_footer_bottom":"","ocean_display_top_bar":"default","ocean_display_header":"default","ocean_header_style":"","ocean_center_header_left_menu":"0","ocean_custom_header_template":"0","ocean_custom_logo":0,"ocean_custom_retina_logo":0,"ocean_custom_logo_max_width":0,"ocean_custom_logo_tablet_max_width":0,"ocean_custom_logo_mobile_max_width":0,"ocean_custom_logo_max_height":0,"ocean_custom_logo_tablet_max_height":0,"ocean_custom_logo_mobile_max_height":0,"ocean_header_custom_menu":"0","ocean_menu_typo_font_family":"0","ocean_menu_typo_font_subset":"","ocean_menu_typo_font_size":0,"ocean_menu_typo_font_size_tablet":0,"ocean_menu_typo_font_size_mobile":0,"ocean_menu_typo_font_size_unit":"px","ocean_menu_typo_font_weight":"","ocean_menu_typo_font_weight_tablet":"","ocean_menu_typo_font_weight_mobile":"","ocean_menu_typo_transform":"","ocean_menu_typo_transform_tablet":"","ocean_menu_typo_transform_mobile":"","ocean_menu_typo_line_height":0,"ocean_menu_typo_line_height_tablet":0,"ocean_menu_typo_line_height_mobile":0,"ocean_menu_typo_line_height_unit":"","ocean_menu_typo_spacing":0,"ocean_menu_typo_spacing_tablet":0,"ocean_menu_typo_spacing_mobile":0,"ocean_menu_typo_spacing_unit":"","ocean_menu_link_color":"","ocean_menu_link_color_hover":"","ocean_menu_link_color_active":"","ocean_menu_link_background":"","ocean_menu_link_hover_background":"","ocean_menu_link_active_background":"","ocean_menu_social_links_bg":"","ocean_menu_social_hover_links_bg":"","ocean_menu_social_links_color":"","ocean_menu_social_hover_links_color":"","ocean_disable_title":"default","ocean_disable_heading":"default","ocean_post_title":"","ocean_post_subheading":"","ocean_post_title_style":"","ocean_post_title_background_color":"","ocean_post_title_background":0,"ocean_post_title_bg_image_position":"","ocean_post_title_bg_image_attachment":"","ocean_post_title_bg_image_repeat":"","ocean_post_title_bg_image_size":"","ocean_post_title_height":0,"ocean_post_title_bg_overlay":0.5,"ocean_post_title_bg_overlay_color":"","ocean_disable_breadcrumbs":"default","ocean_breadcrumbs_color":"","ocean_breadcrumbs_separator_color":"","ocean_breadcrumbs_links_color":"","ocean_breadcrumbs_links_hover_color":"","ocean_display_footer_widgets":"default","ocean_display_footer_bottom":"default","ocean_custom_footer_template":"0","footnotes":""},"class_list":["post-197","page","type-page","status-publish","hentry","entry"],"yoast_head":"<!-- This site is optimized with the Yoast SEO plugin v25.3.1 - https:\/\/yoast.com\/wordpress\/plugins\/seo\/ -->\n<title>Coralie Michel - Tarifs<\/title>\n<meta name=\"robots\" content=\"index, follow, max-snippet:-1, max-image-preview:large, max-video-preview:-1\" \/>\n<link rel=\"canonical\" href=\"https:\/\/coraliemichel.fr\/?page_id=197\" \/>\n<meta property=\"og:locale\" content=\"fr_FR\" \/>\n<meta property=\"og:type\" content=\"article\" \/>\n<meta property=\"og:title\" content=\"Coralie Michel - Tarifs\" \/>\n<meta property=\"og:description\" content=\"Combien \u00e7a co\u00fbte Un investissement pour votre mieux-\u00eatre Le cadeau que vous vous fa\u00eetes \u00e0 vous-m\u00eame pour vous aider \u00e0 mieux comprendre vos pens\u00e9es, vos \u00e9motions et vos comportements, pour vous aider \u00e0 vivre une vie plus \u00e9panouissante et \u00e9quilibr\u00e9e ou, plus simplement, pour trouver des solutions \u00e0 ce qui vous pose probl\u00e8me Aucun des [&hellip;]\" \/>\n<meta property=\"og:url\" content=\"https:\/\/coraliemichel.fr\/?page_id=197\" \/>\n<meta property=\"og:site_name\" content=\"Coralie Michel\" \/>\n<meta property=\"article:publisher\" content=\"https:\/\/www.facebook.com\/profile.php?id=100088401117201\" \/>\n<meta property=\"article:modified_time\" content=\"2024-08-13T14:11:14+00:00\" \/>\n<meta name=\"twitter:card\" content=\"summary_large_image\" \/>\n<meta name=\"twitter:label1\" content=\"Dur\u00e9e de lecture estim\u00e9e\" \/>\n\t<meta name=\"twitter:data1\" content=\"2 minutes\" \/>\n<script type=\"application\/ld+json\" class=\"yoast-schema-graph\">{\"@context\":\"https:\/\/schema.org\",\"@graph\":[{\"@type\":\"WebPage\",\"@id\":\"https:\/\/coraliemichel.fr\/?page_id=197\",\"url\":\"https:\/\/coraliemichel.fr\/?page_id=197\",\"name\":\"Coralie Michel - Tarifs\",\"isPartOf\":{\"@id\":\"https:\/\/coraliemichel.fr\/#website\"},\"datePublished\":\"2023-05-01T05:20:03+00:00\",\"dateModified\":\"2024-08-13T14:11:14+00:00\",\"breadcrumb\":{\"@id\":\"https:\/\/coraliemichel.fr\/?page_id=197#breadcrumb\"},\"inLanguage\":\"fr-FR\",\"potentialAction\":[{\"@type\":\"ReadAction\",\"target\":[\"https:\/\/coraliemichel.fr\/?page_id=197\"]}]},{\"@type\":\"BreadcrumbList\",\"@id\":\"https:\/\/coraliemichel.fr\/?page_id=197#breadcrumb\",\"itemListElement\":[{\"@type\":\"ListItem\",\"position\":1,\"name\":\"Accueil\",\"item\":\"https:\/\/coraliemichel.fr\/\"},{\"@type\":\"ListItem\",\"position\":2,\"name\":\"Tarifs\"}]},{\"@type\":\"WebSite\",\"@id\":\"https:\/\/coraliemichel.fr\/#website\",\"url\":\"https:\/\/coraliemichel.fr\/\",\"name\":\"Coralie Michel\",\"description\":\"\",\"publisher\":{\"@id\":\"https:\/\/coraliemichel.fr\/#\/schema\/person\/8622c692ecfa96b858d12a97b3567c5e\"},\"potentialAction\":[{\"@type\":\"SearchAction\",\"target\":{\"@type\":\"EntryPoint\",\"urlTemplate\":\"https:\/\/coraliemichel.fr\/?s={search_term_string}\"},\"query-input\":{\"@type\":\"PropertyValueSpecification\",\"valueRequired\":true,\"valueName\":\"search_term_string\"}}],\"inLanguage\":\"fr-FR\"},{\"@type\":[\"Person\",\"Organization\"],\"@id\":\"https:\/\/coraliemichel.fr\/#\/schema\/person\/8622c692ecfa96b858d12a97b3567c5e\",\"name\":\"cms.coraliemichel@gmail.com\",\"image\":{\"@type\":\"ImageObject\",\"inLanguage\":\"fr-FR\",\"@id\":\"https:\/\/coraliemichel.fr\/#\/schema\/person\/image\/\",\"url\":\"https:\/\/coraliemichel.fr\/wp-content\/uploads\/2023\/09\/cropped-Beige-Elegant-Wedding-Name-Tag.png\",\"contentUrl\":\"https:\/\/coraliemichel.fr\/wp-content\/uploads\/2023\/09\/cropped-Beige-Elegant-Wedding-Name-Tag.png\",\"width\":727,\"height\":289,\"caption\":\"cms.coraliemichel@gmail.com\"},\"logo\":{\"@id\":\"https:\/\/coraliemichel.fr\/#\/schema\/person\/image\/\"},\"sameAs\":[\"http:\/\/coraliemichel.fr\",\"https:\/\/www.facebook.com\/profile.php?id=100088401117201\",\"https:\/\/www.instagram.com\/coralie.michel.712\/\",\"https:\/\/www.linkedin.com\/in\/coralie-michel-5049752b\/\"]}]}<\/script>\n<!-- \/ Yoast SEO plugin. -->","yoast_head_json":{"title":"Coralie Michel - Tarifs","robots":{"index":"index","follow":"follow","max-snippet":"max-snippet:-1","max-image-preview":"max-image-preview:large","max-video-preview":"max-video-preview:-1"},"canonical":"https:\/\/coraliemichel.fr\/?page_id=197","og_locale":"fr_FR","og_type":"article","og_title":"Coralie Michel - Tarifs","og_description":"Combien \u00e7a co\u00fbte Un investissement pour votre mieux-\u00eatre Le cadeau que vous vous fa\u00eetes \u00e0 vous-m\u00eame pour vous aider \u00e0 mieux comprendre vos pens\u00e9es, vos \u00e9motions et vos comportements, pour vous aider \u00e0 vivre une vie plus \u00e9panouissante et \u00e9quilibr\u00e9e ou, plus simplement, pour trouver des solutions \u00e0 ce qui vous pose probl\u00e8me Aucun des [&hellip;]","og_url":"https:\/\/coraliemichel.fr\/?page_id=197","og_site_name":"Coralie Michel","article_publisher":"https:\/\/www.facebook.com\/profile.php?id=100088401117201","article_modified_time":"2024-08-13T14:11:14+00:00","twitter_card":"summary_large_image","twitter_misc":{"Dur\u00e9e de lecture estim\u00e9e":"2 minutes"},"schema":{"@context":"https:\/\/schema.org","@graph":[{"@type":"WebPage","@id":"https:\/\/coraliemichel.fr\/?page_id=197","url":"https:\/\/coraliemichel.fr\/?page_id=197","name":"Coralie Michel - Tarifs","isPartOf":{"@id":"https:\/\/coraliemichel.fr\/#website"},"datePublished":"2023-05-01T05:20:03+00:00","dateModified":"2024-08-13T14:11:14+00:00","breadcrumb":{"@id":"https:\/\/coraliemichel.fr\/?page_id=197#breadcrumb"},"inLanguage":"fr-FR","potentialAction":[{"@type":"ReadAction","target":["https:\/\/coraliemichel.fr\/?page_id=197"]}]},{"@type":"BreadcrumbList","@id":"https:\/\/coraliemichel.fr\/?page_id=197#breadcrumb","itemListElement":[{"@type":"ListItem","position":1,"name":"Accueil","item":"https:\/\/coraliemichel.fr\/"},{"@type":"ListItem","position":2,"name":"Tarifs"}]},{"@type":"WebSite","@id":"https:\/\/coraliemichel.fr\/#website","url":"https:\/\/coraliemichel.fr\/","name":"Coralie Michel","description":"","publisher":{"@id":"https:\/\/coraliemichel.fr\/#\/schema\/person\/8622c692ecfa96b858d12a97b3567c5e"},"potentialAction":[{"@type":"SearchAction","target":{"@type":"EntryPoint","urlTemplate":"https:\/\/coraliemichel.fr\/?s={search_term_string}"},"query-input":{"@type":"PropertyValueSpecification","valueRequired":true,"valueName":"search_term_string"}}],"inLanguage":"fr-FR"},{"@type":["Person","Organization"],"@id":"https:\/\/coraliemichel.fr\/#\/schema\/person\/8622c692ecfa96b858d12a97b3567c5e","name":"cms.coraliemichel@gmail.com","image":{"@type":"ImageObject","inLanguage":"fr-FR","@id":"https:\/\/coraliemichel.fr\/#\/schema\/person\/image\/","url":"https:\/\/coraliemichel.fr\/wp-content\/uploads\/2023\/09\/cropped-Beige-Elegant-Wedding-Name-Tag.png","contentUrl":"https:\/\/coraliemichel.fr\/wp-content\/uploads\/2023\/09\/cropped-Beige-Elegant-Wedding-Name-Tag.png","width":727,"height":289,"caption":"cms.coraliemichel@gmail.com"},"logo":{"@id":"https:\/\/coraliemichel.fr\/#\/schema\/person\/image\/"},"sameAs":["http:\/\/coraliemichel.fr","https:\/\/www.facebook.com\/profile.php?id=100088401117201","https:\/\/www.instagram.com\/coralie.michel.712\/","https:\/\/www.linkedin.com\/in\/coralie-michel-5049752b\/"]}]}},"_links":{"self":[{"href":"https:\/\/coraliemichel.fr\/index.php?rest_route=\/wp\/v2\/pages\/197","targetHints":{"allow":["GET"]}}],"collection":[{"href":"https:\/\/coraliemichel.fr\/index.php?rest_route=\/wp\/v2\/pages"}],"about":[{"href":"https:\/\/coraliemichel.fr\/index.php?rest_route=\/wp\/v2\/types\/page"}],"author":[{"embeddable":true,"href":"https:\/\/coraliemichel.fr\/index.php?rest_route=\/wp\/v2\/users\/1"}],"replies":[{"embeddable":true,"href":"https:\/\/coraliemichel.fr\/index.php?rest_route=%2Fwp%2Fv2%2Fcomments&post=197"}],"version-history":[{"count":59,"href":"https:\/\/coraliemichel.fr\/index.php?rest_route=\/wp\/v2\/pages\/197\/revisions"}],"predecessor-version":[{"id":2391,"href":"https:\/\/coraliemichel.fr\/index.php?rest_route=\/wp\/v2\/pages\/197\/revisions\/2391"}],"wp:attachment":[{"href":"https:\/\/coraliemichel.fr\/index.php?rest_route=%2Fwp%2Fv2%2Fmedia&parent=197"}],"curies":[{"name":"wp","href":"https:\/\/api.w.org\/{rel}","templated":true}]}}