{"id":145,"date":"2023-05-01T00:33:22","date_gmt":"2023-04-30T22:33:22","guid":{"rendered":"https:\/\/coraliemichel.fr\/?page_id=145"},"modified":"2024-07-18T22:15:35","modified_gmt":"2024-07-18T20:15:35","slug":"vous-etes-une-organisation","status":"publish","type":"page","link":"https:\/\/coraliemichel.fr\/?page_id=145","title":{"rendered":"Vous \u00eates une organisation"},"content":{"rendered":"\t\t<div data-elementor-type=\"wp-page\" data-elementor-id=\"145\" class=\"elementor elementor-145\">\n\t\t\t\t\t\t<section class=\"elementor-section elementor-top-section elementor-element elementor-element-6fbde77 elementor-section-full_width elementor-section-height-min-height elementor-section-height-default elementor-section-items-middle\" data-id=\"6fbde77\" data-element_type=\"section\" data-e-type=\"section\" data-settings=\"{&quot;background_background&quot;:&quot;slideshow&quot;,&quot;background_slideshow_gallery&quot;:[{&quot;id&quot;:525,&quot;url&quot;:&quot;http:\\\/\\\/coraliemichel.fr\\\/wp-content\\\/uploads\\\/2023\\\/05\\\/job-5382501_1920.jpg&quot;},{&quot;id&quot;:523,&quot;url&quot;:&quot;http:\\\/\\\/coraliemichel.fr\\\/wp-content\\\/uploads\\\/2023\\\/05\\\/team-4529717_1920.jpg&quot;},{&quot;id&quot;:524,&quot;url&quot;:&quot;http:\\\/\\\/coraliemichel.fr\\\/wp-content\\\/uploads\\\/2023\\\/05\\\/man-1079245_1920.jpg&quot;}],&quot;background_slideshow_loop&quot;:&quot;yes&quot;,&quot;background_slideshow_slide_duration&quot;:5000,&quot;background_slideshow_slide_transition&quot;:&quot;fade&quot;,&quot;background_slideshow_transition_duration&quot;:500}\">\n\t\t\t\t\t\t\t<div class=\"elementor-background-overlay\"><\/div>\n\t\t\t\t\t\t\t<div class=\"elementor-container elementor-column-gap-default\">\n\t\t\t\t\t<div class=\"elementor-column elementor-col-100 elementor-top-column elementor-element elementor-element-45943a7\" data-id=\"45943a7\" data-element_type=\"column\" data-e-type=\"column\">\n\t\t\t<div class=\"elementor-widget-wrap elementor-element-populated\">\n\t\t\t\t\t\t<div class=\"elementor-element elementor-element-18ca8c6 elementor-widget elementor-widget-heading\" data-id=\"18ca8c6\" data-element_type=\"widget\" data-e-type=\"widget\" data-widget_type=\"heading.default\">\n\t\t\t\t<div class=\"elementor-widget-container\">\n\t\t\t\t\t<h2 class=\"elementor-heading-title elementor-size-default\">Coaching, M\u00e9diation &amp; Sophrologie pour accompagner votre organisation<\/h2>\t\t\t\t<\/div>\n\t\t\t\t<\/div>\n\t\t\t\t<div class=\"elementor-element elementor-element-ce9e7d2 elementor-widget elementor-widget-heading\" data-id=\"ce9e7d2\" data-element_type=\"widget\" data-e-type=\"widget\" data-widget_type=\"heading.default\">\n\t\t\t\t<div class=\"elementor-widget-container\">\n\t\t\t\t\t<h1 class=\"elementor-heading-title elementor-size-default\">Un investissement b\u00e9n\u00e9fique \u00e0 plusieurs niveaux<\/h1>\t\t\t\t<\/div>\n\t\t\t\t<\/div>\n\t\t\t\t<div class=\"elementor-element elementor-element-a21762e elementor-widget elementor-widget-heading\" data-id=\"a21762e\" data-element_type=\"widget\" data-e-type=\"widget\" data-widget_type=\"heading.default\">\n\t\t\t\t<div class=\"elementor-widget-container\">\n\t\t\t\t\t<h3 class=\"elementor-heading-title elementor-size-default\">Parce que la qualit\u00e9 relationnelle, le bien vivre ensemble et la s\u00e9r\u00e9nit\u00e9 sont des atouts au service de la performance durable de votre structure<\/h3>\t\t\t\t<\/div>\n\t\t\t\t<\/div>\n\t\t\t\t\t<\/div>\n\t\t<\/div>\n\t\t\t\t\t<\/div>\n\t\t<\/section>\n\t\t\t\t<section class=\"elementor-section elementor-top-section elementor-element elementor-element-edcff6d elementor-section-boxed elementor-section-height-default elementor-section-height-default\" data-id=\"edcff6d\" data-element_type=\"section\" data-e-type=\"section\">\n\t\t\t\t\t\t<div class=\"elementor-container elementor-column-gap-default\">\n\t\t\t\t\t<div class=\"elementor-column elementor-col-100 elementor-top-column elementor-element elementor-element-a27e770\" data-id=\"a27e770\" data-element_type=\"column\" data-e-type=\"column\">\n\t\t\t<div class=\"elementor-widget-wrap elementor-element-populated\">\n\t\t\t\t\t\t<div class=\"elementor-element elementor-element-b9d505e elementor-widget elementor-widget-heading\" data-id=\"b9d505e\" data-element_type=\"widget\" data-e-type=\"widget\" data-widget_type=\"heading.default\">\n\t\t\t\t<div class=\"elementor-widget-container\">\n\t\t\t\t\t<h2 class=\"elementor-heading-title elementor-size-default\">Les techniques de Coaching, de M\u00e9diation et de Sophrologie s'int\u00e8grent dans vos d\u00e9marches et projets d'am\u00e9lioration continue<\/h2>\t\t\t\t<\/div>\n\t\t\t\t<\/div>\n\t\t\t\t<div class=\"elementor-element elementor-element-c82233a elementor-widget elementor-widget-text-editor\" data-id=\"c82233a\" data-element_type=\"widget\" data-e-type=\"widget\" data-widget_type=\"text-editor.default\">\n\t\t\t\t<div class=\"elementor-widget-container\">\n\t\t\t\t\t\t\t\t\t<p>En fonction de vos objectifs, nous d\u00e9finissons ensemble les besoins du public cible, le cadre, les modalit\u00e9s et les moyens pour d\u00e9ployer une action ou un programme.<\/p><p>Chaque intervention s&rsquo;inscrit dans la lign\u00e9e de votre projet et des indicateurs cl\u00e9 de r\u00e9ussite que vous avez identifi\u00e9s.<\/p>\t\t\t\t\t\t\t\t<\/div>\n\t\t\t\t<\/div>\n\t\t\t\t\t<\/div>\n\t\t<\/div>\n\t\t\t\t\t<\/div>\n\t\t<\/section>\n\t\t\t\t<section class=\"elementor-section elementor-top-section elementor-element elementor-element-d86cc7d elementor-section-boxed elementor-section-height-default elementor-section-height-default\" data-id=\"d86cc7d\" data-element_type=\"section\" data-e-type=\"section\" data-settings=\"{&quot;background_background&quot;:&quot;classic&quot;}\">\n\t\t\t\t\t\t<div class=\"elementor-container elementor-column-gap-default\">\n\t\t\t\t\t<div class=\"elementor-column elementor-col-33 elementor-top-column elementor-element elementor-element-9ee23ad\" data-id=\"9ee23ad\" data-element_type=\"column\" data-e-type=\"column\">\n\t\t\t<div class=\"elementor-widget-wrap elementor-element-populated\">\n\t\t\t\t\t\t<div class=\"elementor-element elementor-element-74d9529 elementor-align-justify elementor-widget elementor-widget-button\" data-id=\"74d9529\" data-element_type=\"widget\" data-e-type=\"widget\" data-widget_type=\"button.default\">\n\t\t\t\t<div class=\"elementor-widget-container\">\n\t\t\t\t\t\t\t\t\t<div class=\"elementor-button-wrapper\">\n\t\t\t\t\t<a class=\"elementor-button elementor-button-link elementor-size-xl\" href=\"https:\/\/coraliemichel.fr\/?page_id=194\">\n\t\t\t\t\t\t<span class=\"elementor-button-content-wrapper\">\n\t\t\t\t\t\t\t\t\t<span class=\"elementor-button-text\">Etablissement scolaire<\/span>\n\t\t\t\t\t<\/span>\n\t\t\t\t\t<\/a>\n\t\t\t\t<\/div>\n\t\t\t\t\t\t\t\t<\/div>\n\t\t\t\t<\/div>\n\t\t\t\t\t<\/div>\n\t\t<\/div>\n\t\t\t\t<div class=\"elementor-column elementor-col-33 elementor-top-column elementor-element elementor-element-a4e54b9\" data-id=\"a4e54b9\" data-element_type=\"column\" data-e-type=\"column\">\n\t\t\t<div class=\"elementor-widget-wrap elementor-element-populated\">\n\t\t\t\t\t\t<div class=\"elementor-element elementor-element-7197e2b elementor-align-justify elementor-widget elementor-widget-button\" data-id=\"7197e2b\" data-element_type=\"widget\" data-e-type=\"widget\" data-widget_type=\"button.default\">\n\t\t\t\t<div class=\"elementor-widget-container\">\n\t\t\t\t\t\t\t\t\t<div class=\"elementor-button-wrapper\">\n\t\t\t\t\t<a class=\"elementor-button elementor-button-link elementor-size-xl\" href=\"https:\/\/coraliemichel.fr\/?page_id=191\">\n\t\t\t\t\t\t<span class=\"elementor-button-content-wrapper\">\n\t\t\t\t\t\t\t\t\t<span class=\"elementor-button-text\">R\u00e9sidence Seniors \/ EHPAD \/ Maison de retraite<\/span>\n\t\t\t\t\t<\/span>\n\t\t\t\t\t<\/a>\n\t\t\t\t<\/div>\n\t\t\t\t\t\t\t\t<\/div>\n\t\t\t\t<\/div>\n\t\t\t\t\t<\/div>\n\t\t<\/div>\n\t\t\t\t<div class=\"elementor-column elementor-col-33 elementor-top-column elementor-element elementor-element-7862e8b\" data-id=\"7862e8b\" data-element_type=\"column\" data-e-type=\"column\">\n\t\t\t<div class=\"elementor-widget-wrap elementor-element-populated\">\n\t\t\t\t\t\t<div class=\"elementor-element elementor-element-6d991df elementor-align-justify elementor-widget elementor-widget-button\" data-id=\"6d991df\" data-element_type=\"widget\" data-e-type=\"widget\" data-widget_type=\"button.default\">\n\t\t\t\t<div class=\"elementor-widget-container\">\n\t\t\t\t\t\t\t\t\t<div class=\"elementor-button-wrapper\">\n\t\t\t\t\t<a class=\"elementor-button elementor-button-link elementor-size-xl\" href=\"https:\/\/coraliemichel.fr\/?page_id=77\">\n\t\t\t\t\t\t<span class=\"elementor-button-content-wrapper\">\n\t\t\t\t\t\t\t\t\t<span class=\"elementor-button-text\">Entreprise<\/span>\n\t\t\t\t\t<\/span>\n\t\t\t\t\t<\/a>\n\t\t\t\t<\/div>\n\t\t\t\t\t\t\t\t<\/div>\n\t\t\t\t<\/div>\n\t\t\t\t\t<\/div>\n\t\t<\/div>\n\t\t\t\t\t<\/div>\n\t\t<\/section>\n\t\t\t\t<section class=\"elementor-section elementor-top-section elementor-element elementor-element-f6c8c04 elementor-section-boxed elementor-section-height-default elementor-section-height-default\" data-id=\"f6c8c04\" data-element_type=\"section\" data-e-type=\"section\">\n\t\t\t\t\t\t<div class=\"elementor-container elementor-column-gap-default\">\n\t\t\t\t\t<div class=\"elementor-column elementor-col-33 elementor-top-column elementor-element elementor-element-19978fc\" data-id=\"19978fc\" data-element_type=\"column\" data-e-type=\"column\">\n\t\t\t<div class=\"elementor-widget-wrap\">\n\t\t\t\t\t\t\t<\/div>\n\t\t<\/div>\n\t\t\t\t<div class=\"elementor-column elementor-col-33 elementor-top-column elementor-element elementor-element-26bc923\" data-id=\"26bc923\" data-element_type=\"column\" data-e-type=\"column\">\n\t\t\t<div class=\"elementor-widget-wrap elementor-element-populated\">\n\t\t\t\t\t\t<div class=\"elementor-element elementor-element-5e922a3 elementor-view-default elementor-widget elementor-widget-icon\" data-id=\"5e922a3\" data-element_type=\"widget\" data-e-type=\"widget\" data-widget_type=\"icon.default\">\n\t\t\t\t<div class=\"elementor-widget-container\">\n\t\t\t\t\t\t\t<div class=\"elementor-icon-wrapper\">\n\t\t\t<div class=\"elementor-icon\">\n\t\t\t<i aria-hidden=\"true\" class=\"far fa-comments\"><\/i>\t\t\t<\/div>\n\t\t<\/div>\n\t\t\t\t\t\t<\/div>\n\t\t\t\t<\/div>\n\t\t\t\t<div class=\"elementor-element elementor-element-c6f42f8 elementor-widget elementor-widget-heading\" data-id=\"c6f42f8\" data-element_type=\"widget\" data-e-type=\"widget\" data-widget_type=\"heading.default\">\n\t\t\t\t<div class=\"elementor-widget-container\">\n\t\t\t\t\t<h2 class=\"elementor-heading-title elementor-size-default\"><a href=\"https:\/\/coraliemichel.fr\/?page_id=62\">Demande de renseignements (d\u00e9lais de d\u00e9ploiement, devis...)<\/a><\/h2>\t\t\t\t<\/div>\n\t\t\t\t<\/div>\n\t\t\t\t<div class=\"elementor-element elementor-element-d948148 elementor-icon-list--layout-traditional elementor-list-item-link-full_width elementor-widget elementor-widget-icon-list\" data-id=\"d948148\" data-element_type=\"widget\" data-e-type=\"widget\" data-widget_type=\"icon-list.default\">\n\t\t\t\t<div class=\"elementor-widget-container\">\n\t\t\t\t\t\t\t<ul class=\"elementor-icon-list-items\">\n\t\t\t\t\t\t\t<li class=\"elementor-icon-list-item\">\n\t\t\t\t\t\t\t\t\t\t\t<a href=\"https:\/\/calendly.com\/coralie_michel\/premier-contact\">\n\n\t\t\t\t\t\t\t\t\t\t\t\t<span class=\"elementor-icon-list-icon\">\n\t\t\t\t\t\t\t<i aria-hidden=\"true\" class=\"fas fa-phone-alt\"><\/i>\t\t\t\t\t\t<\/span>\n\t\t\t\t\t\t\t\t\t\t<span class=\"elementor-icon-list-text\">M'appeler<\/span>\n\t\t\t\t\t\t\t\t\t\t\t<\/a>\n\t\t\t\t\t\t\t\t\t<\/li>\n\t\t\t\t\t\t<\/ul>\n\t\t\t\t\t\t<\/div>\n\t\t\t\t<\/div>\n\t\t\t\t\t<\/div>\n\t\t<\/div>\n\t\t\t\t<div class=\"elementor-column elementor-col-33 elementor-top-column elementor-element elementor-element-6c7f176\" data-id=\"6c7f176\" data-element_type=\"column\" data-e-type=\"column\">\n\t\t\t<div class=\"elementor-widget-wrap\">\n\t\t\t\t\t\t\t<\/div>\n\t\t<\/div>\n\t\t\t\t\t<\/div>\n\t\t<\/section>\n\t\t\t\t<\/div>\n\t\t","protected":false},"excerpt":{"rendered":"<p>Coaching, M\u00e9diation &amp; Sophrologie pour accompagner votre organisation Un investissement b\u00e9n\u00e9fique \u00e0 plusieurs niveaux Parce que la qualit\u00e9 relationnelle, le bien vivre ensemble et la s\u00e9r\u00e9nit\u00e9 sont des atouts au service de la performance durable de votre structure Les techniques de Coaching, de M\u00e9diation et de Sophrologie s&rsquo;int\u00e8grent dans vos d\u00e9marches et projets d&rsquo;am\u00e9lioration continue [&hellip;]<\/p>\n","protected":false},"author":1,"featured_media":0,"parent":0,"menu_order":0,"comment_status":"closed","ping_status":"closed","template":"elementor_header_footer","meta":{"ocean_post_layout":"","ocean_both_sidebars_style":"","ocean_both_sidebars_content_width":0,"ocean_both_sidebars_sidebars_width":0,"ocean_sidebar":"0","ocean_second_sidebar":"0","ocean_disable_margins":"enable","ocean_add_body_class":"","ocean_shortcode_before_top_bar":"","ocean_shortcode_after_top_bar":"","ocean_shortcode_before_header":"","ocean_shortcode_after_header":"","ocean_has_shortcode":"","ocean_shortcode_after_title":"","ocean_shortcode_before_footer_widgets":"","ocean_shortcode_after_footer_widgets":"","ocean_shortcode_before_footer_bottom":"","ocean_shortcode_after_footer_bottom":"","ocean_display_top_bar":"default","ocean_display_header":"default","ocean_header_style":"","ocean_center_header_left_menu":"0","ocean_custom_header_template":"0","ocean_custom_logo":0,"ocean_custom_retina_logo":0,"ocean_custom_logo_max_width":0,"ocean_custom_logo_tablet_max_width":0,"ocean_custom_logo_mobile_max_width":0,"ocean_custom_logo_max_height":0,"ocean_custom_logo_tablet_max_height":0,"ocean_custom_logo_mobile_max_height":0,"ocean_header_custom_menu":"0","ocean_menu_typo_font_family":"0","ocean_menu_typo_font_subset":"","ocean_menu_typo_font_size":0,"ocean_menu_typo_font_size_tablet":0,"ocean_menu_typo_font_size_mobile":0,"ocean_menu_typo_font_size_unit":"px","ocean_menu_typo_font_weight":"","ocean_menu_typo_font_weight_tablet":"","ocean_menu_typo_font_weight_mobile":"","ocean_menu_typo_transform":"","ocean_menu_typo_transform_tablet":"","ocean_menu_typo_transform_mobile":"","ocean_menu_typo_line_height":0,"ocean_menu_typo_line_height_tablet":0,"ocean_menu_typo_line_height_mobile":0,"ocean_menu_typo_line_height_unit":"","ocean_menu_typo_spacing":0,"ocean_menu_typo_spacing_tablet":0,"ocean_menu_typo_spacing_mobile":0,"ocean_menu_typo_spacing_unit":"","ocean_menu_link_color":"","ocean_menu_link_color_hover":"","ocean_menu_link_color_active":"","ocean_menu_link_background":"","ocean_menu_link_hover_background":"","ocean_menu_link_active_background":"","ocean_menu_social_links_bg":"","ocean_menu_social_hover_links_bg":"","ocean_menu_social_links_color":"","ocean_menu_social_hover_links_color":"","ocean_disable_title":"default","ocean_disable_heading":"default","ocean_post_title":"","ocean_post_subheading":"","ocean_post_title_style":"","ocean_post_title_background_color":"","ocean_post_title_background":0,"ocean_post_title_bg_image_position":"","ocean_post_title_bg_image_attachment":"","ocean_post_title_bg_image_repeat":"","ocean_post_title_bg_image_size":"","ocean_post_title_height":0,"ocean_post_title_bg_overlay":0.5,"ocean_post_title_bg_overlay_color":"","ocean_disable_breadcrumbs":"default","ocean_breadcrumbs_color":"","ocean_breadcrumbs_separator_color":"","ocean_breadcrumbs_links_color":"","ocean_breadcrumbs_links_hover_color":"","ocean_display_footer_widgets":"default","ocean_display_footer_bottom":"default","ocean_custom_footer_template":"0","footnotes":""},"class_list":["post-145","page","type-page","status-publish","hentry","entry"],"yoast_head":"<!-- This site is optimized with the Yoast SEO plugin v25.3.1 - https:\/\/yoast.com\/wordpress\/plugins\/seo\/ -->\n<title>Vous \u00eates une organisation - Coralie Michel<\/title>\n<meta name=\"robots\" content=\"index, follow, max-snippet:-1, max-image-preview:large, max-video-preview:-1\" \/>\n<link rel=\"canonical\" href=\"https:\/\/coraliemichel.fr\/?page_id=145\" \/>\n<meta property=\"og:locale\" content=\"fr_FR\" \/>\n<meta property=\"og:type\" content=\"article\" \/>\n<meta property=\"og:title\" content=\"Vous \u00eates une organisation - Coralie Michel\" \/>\n<meta property=\"og:description\" content=\"Coaching, M\u00e9diation &amp; Sophrologie pour accompagner votre organisation Un investissement b\u00e9n\u00e9fique \u00e0 plusieurs niveaux Parce que la qualit\u00e9 relationnelle, le bien vivre ensemble et la s\u00e9r\u00e9nit\u00e9 sont des atouts au service de la performance durable de votre structure Les techniques de Coaching, de M\u00e9diation et de Sophrologie s&rsquo;int\u00e8grent dans vos d\u00e9marches et projets d&rsquo;am\u00e9lioration continue [&hellip;]\" \/>\n<meta property=\"og:url\" content=\"https:\/\/coraliemichel.fr\/?page_id=145\" \/>\n<meta property=\"og:site_name\" content=\"Coralie Michel\" \/>\n<meta property=\"article:publisher\" content=\"https:\/\/www.facebook.com\/profile.php?id=100088401117201\" \/>\n<meta property=\"article:modified_time\" content=\"2024-07-18T20:15:35+00:00\" \/>\n<meta name=\"twitter:card\" content=\"summary_large_image\" \/>\n<meta name=\"twitter:label1\" content=\"Dur\u00e9e de lecture estim\u00e9e\" \/>\n\t<meta name=\"twitter:data1\" content=\"1 minute\" \/>\n<script type=\"application\/ld+json\" class=\"yoast-schema-graph\">{\"@context\":\"https:\/\/schema.org\",\"@graph\":[{\"@type\":\"WebPage\",\"@id\":\"https:\/\/coraliemichel.fr\/?page_id=145\",\"url\":\"https:\/\/coraliemichel.fr\/?page_id=145\",\"name\":\"Vous \u00eates une organisation - Coralie Michel\",\"isPartOf\":{\"@id\":\"https:\/\/coraliemichel.fr\/#website\"},\"datePublished\":\"2023-04-30T22:33:22+00:00\",\"dateModified\":\"2024-07-18T20:15:35+00:00\",\"breadcrumb\":{\"@id\":\"https:\/\/coraliemichel.fr\/?page_id=145#breadcrumb\"},\"inLanguage\":\"fr-FR\",\"potentialAction\":[{\"@type\":\"ReadAction\",\"target\":[\"https:\/\/coraliemichel.fr\/?page_id=145\"]}]},{\"@type\":\"BreadcrumbList\",\"@id\":\"https:\/\/coraliemichel.fr\/?page_id=145#breadcrumb\",\"itemListElement\":[{\"@type\":\"ListItem\",\"position\":1,\"name\":\"Accueil\",\"item\":\"https:\/\/coraliemichel.fr\/\"},{\"@type\":\"ListItem\",\"position\":2,\"name\":\"Vous \u00eates une organisation\"}]},{\"@type\":\"WebSite\",\"@id\":\"https:\/\/coraliemichel.fr\/#website\",\"url\":\"https:\/\/coraliemichel.fr\/\",\"name\":\"Coralie Michel\",\"description\":\"\",\"publisher\":{\"@id\":\"https:\/\/coraliemichel.fr\/#\/schema\/person\/8622c692ecfa96b858d12a97b3567c5e\"},\"potentialAction\":[{\"@type\":\"SearchAction\",\"target\":{\"@type\":\"EntryPoint\",\"urlTemplate\":\"https:\/\/coraliemichel.fr\/?s={search_term_string}\"},\"query-input\":{\"@type\":\"PropertyValueSpecification\",\"valueRequired\":true,\"valueName\":\"search_term_string\"}}],\"inLanguage\":\"fr-FR\"},{\"@type\":[\"Person\",\"Organization\"],\"@id\":\"https:\/\/coraliemichel.fr\/#\/schema\/person\/8622c692ecfa96b858d12a97b3567c5e\",\"name\":\"cms.coraliemichel@gmail.com\",\"image\":{\"@type\":\"ImageObject\",\"inLanguage\":\"fr-FR\",\"@id\":\"https:\/\/coraliemichel.fr\/#\/schema\/person\/image\/\",\"url\":\"https:\/\/coraliemichel.fr\/wp-content\/uploads\/2023\/09\/cropped-Beige-Elegant-Wedding-Name-Tag.png\",\"contentUrl\":\"https:\/\/coraliemichel.fr\/wp-content\/uploads\/2023\/09\/cropped-Beige-Elegant-Wedding-Name-Tag.png\",\"width\":727,\"height\":289,\"caption\":\"cms.coraliemichel@gmail.com\"},\"logo\":{\"@id\":\"https:\/\/coraliemichel.fr\/#\/schema\/person\/image\/\"},\"sameAs\":[\"http:\/\/coraliemichel.fr\",\"https:\/\/www.facebook.com\/profile.php?id=100088401117201\",\"https:\/\/www.instagram.com\/coralie.michel.712\/\",\"https:\/\/www.linkedin.com\/in\/coralie-michel-5049752b\/\"]}]}<\/script>\n<!-- \/ Yoast SEO plugin. -->","yoast_head_json":{"title":"Vous \u00eates une organisation - Coralie Michel","robots":{"index":"index","follow":"follow","max-snippet":"max-snippet:-1","max-image-preview":"max-image-preview:large","max-video-preview":"max-video-preview:-1"},"canonical":"https:\/\/coraliemichel.fr\/?page_id=145","og_locale":"fr_FR","og_type":"article","og_title":"Vous \u00eates une organisation - Coralie Michel","og_description":"Coaching, M\u00e9diation &amp; Sophrologie pour accompagner votre organisation Un investissement b\u00e9n\u00e9fique \u00e0 plusieurs niveaux Parce que la qualit\u00e9 relationnelle, le bien vivre ensemble et la s\u00e9r\u00e9nit\u00e9 sont des atouts au service de la performance durable de votre structure Les techniques de Coaching, de M\u00e9diation et de Sophrologie s&rsquo;int\u00e8grent dans vos d\u00e9marches et projets d&rsquo;am\u00e9lioration continue [&hellip;]","og_url":"https:\/\/coraliemichel.fr\/?page_id=145","og_site_name":"Coralie Michel","article_publisher":"https:\/\/www.facebook.com\/profile.php?id=100088401117201","article_modified_time":"2024-07-18T20:15:35+00:00","twitter_card":"summary_large_image","twitter_misc":{"Dur\u00e9e de lecture estim\u00e9e":"1 minute"},"schema":{"@context":"https:\/\/schema.org","@graph":[{"@type":"WebPage","@id":"https:\/\/coraliemichel.fr\/?page_id=145","url":"https:\/\/coraliemichel.fr\/?page_id=145","name":"Vous \u00eates une organisation - Coralie Michel","isPartOf":{"@id":"https:\/\/coraliemichel.fr\/#website"},"datePublished":"2023-04-30T22:33:22+00:00","dateModified":"2024-07-18T20:15:35+00:00","breadcrumb":{"@id":"https:\/\/coraliemichel.fr\/?page_id=145#breadcrumb"},"inLanguage":"fr-FR","potentialAction":[{"@type":"ReadAction","target":["https:\/\/coraliemichel.fr\/?page_id=145"]}]},{"@type":"BreadcrumbList","@id":"https:\/\/coraliemichel.fr\/?page_id=145#breadcrumb","itemListElement":[{"@type":"ListItem","position":1,"name":"Accueil","item":"https:\/\/coraliemichel.fr\/"},{"@type":"ListItem","position":2,"name":"Vous \u00eates une organisation"}]},{"@type":"WebSite","@id":"https:\/\/coraliemichel.fr\/#website","url":"https:\/\/coraliemichel.fr\/","name":"Coralie Michel","description":"","publisher":{"@id":"https:\/\/coraliemichel.fr\/#\/schema\/person\/8622c692ecfa96b858d12a97b3567c5e"},"potentialAction":[{"@type":"SearchAction","target":{"@type":"EntryPoint","urlTemplate":"https:\/\/coraliemichel.fr\/?s={search_term_string}"},"query-input":{"@type":"PropertyValueSpecification","valueRequired":true,"valueName":"search_term_string"}}],"inLanguage":"fr-FR"},{"@type":["Person","Organization"],"@id":"https:\/\/coraliemichel.fr\/#\/schema\/person\/8622c692ecfa96b858d12a97b3567c5e","name":"cms.coraliemichel@gmail.com","image":{"@type":"ImageObject","inLanguage":"fr-FR","@id":"https:\/\/coraliemichel.fr\/#\/schema\/person\/image\/","url":"https:\/\/coraliemichel.fr\/wp-content\/uploads\/2023\/09\/cropped-Beige-Elegant-Wedding-Name-Tag.png","contentUrl":"https:\/\/coraliemichel.fr\/wp-content\/uploads\/2023\/09\/cropped-Beige-Elegant-Wedding-Name-Tag.png","width":727,"height":289,"caption":"cms.coraliemichel@gmail.com"},"logo":{"@id":"https:\/\/coraliemichel.fr\/#\/schema\/person\/image\/"},"sameAs":["http:\/\/coraliemichel.fr","https:\/\/www.facebook.com\/profile.php?id=100088401117201","https:\/\/www.instagram.com\/coralie.michel.712\/","https:\/\/www.linkedin.com\/in\/coralie-michel-5049752b\/"]}]}},"_links":{"self":[{"href":"https:\/\/coraliemichel.fr\/index.php?rest_route=\/wp\/v2\/pages\/145","targetHints":{"allow":["GET"]}}],"collection":[{"href":"https:\/\/coraliemichel.fr\/index.php?rest_route=\/wp\/v2\/pages"}],"about":[{"href":"https:\/\/coraliemichel.fr\/index.php?rest_route=\/wp\/v2\/types\/page"}],"author":[{"embeddable":true,"href":"https:\/\/coraliemichel.fr\/index.php?rest_route=\/wp\/v2\/users\/1"}],"replies":[{"embeddable":true,"href":"https:\/\/coraliemichel.fr\/index.php?rest_route=%2Fwp%2Fv2%2Fcomments&post=145"}],"version-history":[{"count":40,"href":"https:\/\/coraliemichel.fr\/index.php?rest_route=\/wp\/v2\/pages\/145\/revisions"}],"predecessor-version":[{"id":2358,"href":"https:\/\/coraliemichel.fr\/index.php?rest_route=\/wp\/v2\/pages\/145\/revisions\/2358"}],"wp:attachment":[{"href":"https:\/\/coraliemichel.fr\/index.php?rest_route=%2Fwp%2Fv2%2Fmedia&parent=145"}],"curies":[{"name":"wp","href":"https:\/\/api.w.org\/{rel}","templated":true}]}}