{"id":138,"date":"2023-05-01T00:31:31","date_gmt":"2023-04-30T22:31:31","guid":{"rendered":"https:\/\/coraliemichel.fr\/?page_id=138"},"modified":"2024-07-18T22:20:58","modified_gmt":"2024-07-18T20:20:58","slug":"vous-etes-un-particulier","status":"publish","type":"page","link":"https:\/\/coraliemichel.fr\/?page_id=138","title":{"rendered":"Vous \u00eates un particulier"},"content":{"rendered":"\t\t<div data-elementor-type=\"wp-page\" data-elementor-id=\"138\" class=\"elementor elementor-138\">\n\t\t\t\t\t\t<section class=\"elementor-section elementor-top-section elementor-element elementor-element-a58ccfd elementor-section-full_width elementor-section-height-min-height elementor-section-height-default elementor-section-items-middle\" data-id=\"a58ccfd\" data-element_type=\"section\" data-e-type=\"section\" data-settings=\"{&quot;background_background&quot;:&quot;slideshow&quot;,&quot;background_slideshow_gallery&quot;:[{&quot;id&quot;:482,&quot;url&quot;:&quot;http:\\\/\\\/coraliemichel.fr\\\/wp-content\\\/uploads\\\/2023\\\/05\\\/woman-2827304_1920.jpg&quot;},{&quot;id&quot;:480,&quot;url&quot;:&quot;http:\\\/\\\/coraliemichel.fr\\\/wp-content\\\/uploads\\\/2023\\\/05\\\/man-2915187_1920.jpg&quot;}],&quot;background_slideshow_loop&quot;:&quot;yes&quot;,&quot;background_slideshow_slide_duration&quot;:5000,&quot;background_slideshow_slide_transition&quot;:&quot;fade&quot;,&quot;background_slideshow_transition_duration&quot;:500}\">\n\t\t\t\t\t\t\t<div class=\"elementor-background-overlay\"><\/div>\n\t\t\t\t\t\t\t<div class=\"elementor-container elementor-column-gap-default\">\n\t\t\t\t\t<div class=\"elementor-column elementor-col-100 elementor-top-column elementor-element elementor-element-4c1ae31\" data-id=\"4c1ae31\" data-element_type=\"column\" data-e-type=\"column\">\n\t\t\t<div class=\"elementor-widget-wrap elementor-element-populated\">\n\t\t\t\t\t\t<div class=\"elementor-element elementor-element-9d25ece elementor-widget elementor-widget-heading\" data-id=\"9d25ece\" data-element_type=\"widget\" data-e-type=\"widget\" data-widget_type=\"heading.default\">\n\t\t\t\t<div class=\"elementor-widget-container\">\n\t\t\t\t\t<h2 class=\"elementor-heading-title elementor-size-default\">Vous en avez assez de rester seul.e face votre probl\u00e9matique<\/h2>\t\t\t\t<\/div>\n\t\t\t\t<\/div>\n\t\t\t\t<div class=\"elementor-element elementor-element-b537eec elementor-widget elementor-widget-heading\" data-id=\"b537eec\" data-element_type=\"widget\" data-e-type=\"widget\" data-widget_type=\"heading.default\">\n\t\t\t\t<div class=\"elementor-widget-container\">\n\t\t\t\t\t<h1 class=\"elementor-heading-title elementor-size-default\">Je vous accompagne d\u00e8s aujourd'hui \u00e0 mon cabinet ou en visio<\/h1>\t\t\t\t<\/div>\n\t\t\t\t<\/div>\n\t\t\t\t<div class=\"elementor-element elementor-element-de6257e elementor-widget elementor-widget-heading\" data-id=\"de6257e\" data-element_type=\"widget\" data-e-type=\"widget\" data-widget_type=\"heading.default\">\n\t\t\t\t<div class=\"elementor-widget-container\">\n\t\t\t\t\t<h3 class=\"elementor-heading-title elementor-size-default\">J'aime accompagner des personnes pr\u00eates \u00e0 s'investir pleinement dans leur projet et je m'engage en retour \u00e0 ce que notre travail ensemble produise du changement...<\/h3>\t\t\t\t<\/div>\n\t\t\t\t<\/div>\n\t\t\t\t\t<\/div>\n\t\t<\/div>\n\t\t\t\t\t<\/div>\n\t\t<\/section>\n\t\t\t\t<section class=\"elementor-section elementor-top-section elementor-element elementor-element-5246a0a elementor-section-boxed elementor-section-height-default elementor-section-height-default\" data-id=\"5246a0a\" data-element_type=\"section\" data-e-type=\"section\">\n\t\t\t\t\t\t<div class=\"elementor-container elementor-column-gap-default\">\n\t\t\t\t\t<div class=\"elementor-column elementor-col-66 elementor-top-column elementor-element elementor-element-1cb57ba\" data-id=\"1cb57ba\" data-element_type=\"column\" data-e-type=\"column\">\n\t\t\t<div class=\"elementor-widget-wrap elementor-element-populated\">\n\t\t\t\t\t\t<div class=\"elementor-element elementor-element-874b4b9 elementor-widget elementor-widget-text-editor\" data-id=\"874b4b9\" data-element_type=\"widget\" data-e-type=\"widget\" data-widget_type=\"text-editor.default\">\n\t\t\t\t<div class=\"elementor-widget-container\">\n\t\t\t\t\t\t\t\t\t<p>Mes accompagnements sont accessibles \u00e0 <strong>tous les publics<\/strong>, d\u00e8s l&rsquo;adolescence. Je propose un ensemble de t<strong>echniques simples au plus pr\u00e8s de votre quotidien<\/strong>, quelle que soit votre condition physique.<\/p>\t\t\t\t\t\t\t\t<\/div>\n\t\t\t\t<\/div>\n\t\t\t\t\t<\/div>\n\t\t<\/div>\n\t\t\t\t<div class=\"elementor-column elementor-col-33 elementor-top-column elementor-element elementor-element-6e147be\" data-id=\"6e147be\" data-element_type=\"column\" data-e-type=\"column\">\n\t\t\t<div class=\"elementor-widget-wrap elementor-element-populated\">\n\t\t\t\t\t\t<section class=\"elementor-section elementor-inner-section elementor-element elementor-element-5209897 elementor-section-boxed elementor-section-height-default elementor-section-height-default\" data-id=\"5209897\" data-element_type=\"section\" data-e-type=\"section\">\n\t\t\t\t\t\t<div class=\"elementor-container elementor-column-gap-default\">\n\t\t\t\t\t<div class=\"elementor-column elementor-col-100 elementor-inner-column elementor-element elementor-element-d5f7b7d\" data-id=\"d5f7b7d\" data-element_type=\"column\" data-e-type=\"column\">\n\t\t\t<div class=\"elementor-widget-wrap elementor-element-populated\">\n\t\t\t\t\t\t<div class=\"elementor-element elementor-element-dd6b86b elementor-align-center elementor-widget elementor-widget-button\" data-id=\"dd6b86b\" data-element_type=\"widget\" data-e-type=\"widget\" data-widget_type=\"button.default\">\n\t\t\t\t<div class=\"elementor-widget-container\">\n\t\t\t\t\t\t\t\t\t<div class=\"elementor-button-wrapper\">\n\t\t\t\t\t<a class=\"elementor-button elementor-button-link elementor-size-md\" href=\"https:\/\/calendly.com\/coralie_michel\/premier-contact\">\n\t\t\t\t\t\t<span class=\"elementor-button-content-wrapper\">\n\t\t\t\t\t\t<span class=\"elementor-button-icon\">\n\t\t\t\t<i aria-hidden=\"true\" class=\"far fa-calendar-alt\"><\/i>\t\t\t<\/span>\n\t\t\t\t\t\t\t\t\t<span class=\"elementor-button-text\">R\u00e9server un appel gratuit<\/span>\n\t\t\t\t\t<\/span>\n\t\t\t\t\t<\/a>\n\t\t\t\t<\/div>\n\t\t\t\t\t\t\t\t<\/div>\n\t\t\t\t<\/div>\n\t\t\t\t\t<\/div>\n\t\t<\/div>\n\t\t\t\t\t<\/div>\n\t\t<\/section>\n\t\t\t\t\t<\/div>\n\t\t<\/div>\n\t\t\t\t\t<\/div>\n\t\t<\/section>\n\t\t\t\t<section class=\"elementor-section elementor-top-section elementor-element elementor-element-225bbcd elementor-section-boxed elementor-section-height-default elementor-section-height-default\" data-id=\"225bbcd\" data-element_type=\"section\" data-e-type=\"section\">\n\t\t\t\t\t\t<div class=\"elementor-container elementor-column-gap-default\">\n\t\t\t\t\t<div class=\"elementor-column elementor-col-33 elementor-top-column elementor-element elementor-element-7d183d8\" data-id=\"7d183d8\" data-element_type=\"column\" data-e-type=\"column\">\n\t\t\t<div class=\"elementor-widget-wrap elementor-element-populated\">\n\t\t\t\t\t\t<div class=\"elementor-element elementor-element-ce3ca92 elementor-widget elementor-widget-image\" data-id=\"ce3ca92\" data-element_type=\"widget\" data-e-type=\"widget\" data-widget_type=\"image.default\">\n\t\t\t\t<div class=\"elementor-widget-container\">\n\t\t\t\t\t\t\t\t\t\t\t\t\t\t\t<img fetchpriority=\"high\" decoding=\"async\" width=\"300\" height=\"200\" src=\"https:\/\/coraliemichel.fr\/wp-content\/uploads\/2023\/05\/man-2425121_1920-300x200.jpg\" class=\"attachment-medium size-medium wp-image-490\" alt=\"accompagnements particuliers : les adultes\" srcset=\"https:\/\/coraliemichel.fr\/wp-content\/uploads\/2023\/05\/man-2425121_1920-300x200.jpg 300w, https:\/\/coraliemichel.fr\/wp-content\/uploads\/2023\/05\/man-2425121_1920-1024x683.jpg 1024w, https:\/\/coraliemichel.fr\/wp-content\/uploads\/2023\/05\/man-2425121_1920-768x512.jpg 768w, https:\/\/coraliemichel.fr\/wp-content\/uploads\/2023\/05\/man-2425121_1920-1536x1024.jpg 1536w, https:\/\/coraliemichel.fr\/wp-content\/uploads\/2023\/05\/man-2425121_1920.jpg 1920w\" sizes=\"(max-width: 300px) 100vw, 300px\" \/>\t\t\t\t\t\t\t\t\t\t\t\t\t\t\t<\/div>\n\t\t\t\t<\/div>\n\t\t\t\t\t<\/div>\n\t\t<\/div>\n\t\t\t\t<div class=\"elementor-column elementor-col-66 elementor-top-column elementor-element elementor-element-24ae132\" data-id=\"24ae132\" data-element_type=\"column\" data-e-type=\"column\" data-settings=\"{&quot;background_background&quot;:&quot;classic&quot;}\">\n\t\t\t<div class=\"elementor-widget-wrap elementor-element-populated\">\n\t\t\t\t\t\t<div class=\"elementor-element elementor-element-38d047a elementor-widget elementor-widget-heading\" data-id=\"38d047a\" data-element_type=\"widget\" data-e-type=\"widget\" data-widget_type=\"heading.default\">\n\t\t\t\t<div class=\"elementor-widget-container\">\n\t\t\t\t\t<h2 class=\"elementor-heading-title elementor-size-large\">LES ADULTES<\/h2>\t\t\t\t<\/div>\n\t\t\t\t<\/div>\n\t\t\t\t<div class=\"elementor-element elementor-element-0fdf2a2 elementor-widget elementor-widget-text-editor\" data-id=\"0fdf2a2\" data-element_type=\"widget\" data-e-type=\"widget\" data-widget_type=\"text-editor.default\">\n\t\t\t\t<div class=\"elementor-widget-container\">\n\t\t\t\t\t\t\t\t\t<p>Chaque technique propos\u00e9e a pour objectif de favoriser la r\u00e9flexion sur soi et son environnement afin de regagner sa capacit\u00e9 de d\u00e9cider et d\u2019agir pour am\u00e9liorer son \u00e9quilibre et son mieux-\u00eatre<\/p><p>Les apports peuvent \u00eatre tr\u00e8s vari\u00e9s selon la situation qui vous am\u00e8ne<\/p><ul><li>bien-\u00eatre et \u00e9quilibre<\/li><li>troubles du sommeil<\/li><li>relations conflictuelles<\/li><li>transition de vie<\/li><li>accompagnement traitement m\u00e9dical<\/li><li>&#8230;<\/li><\/ul>\t\t\t\t\t\t\t\t<\/div>\n\t\t\t\t<\/div>\n\t\t\t\t\t<\/div>\n\t\t<\/div>\n\t\t\t\t\t<\/div>\n\t\t<\/section>\n\t\t\t\t<section class=\"elementor-section elementor-top-section elementor-element elementor-element-2bb3585 elementor-section-boxed elementor-section-height-default elementor-section-height-default\" data-id=\"2bb3585\" data-element_type=\"section\" data-e-type=\"section\">\n\t\t\t\t\t\t<div class=\"elementor-container elementor-column-gap-default\">\n\t\t\t\t\t<div class=\"elementor-column elementor-col-100 elementor-top-column elementor-element elementor-element-511daf5\" data-id=\"511daf5\" data-element_type=\"column\" data-e-type=\"column\">\n\t\t\t<div class=\"elementor-widget-wrap elementor-element-populated\">\n\t\t\t\t\t\t<div class=\"elementor-element elementor-element-f047951 elementor-align-center elementor-widget elementor-widget-button\" data-id=\"f047951\" data-element_type=\"widget\" data-e-type=\"widget\" data-widget_type=\"button.default\">\n\t\t\t\t<div class=\"elementor-widget-container\">\n\t\t\t\t\t\t\t\t\t<div class=\"elementor-button-wrapper\">\n\t\t\t\t\t<a class=\"elementor-button elementor-button-link elementor-size-xl\" href=\"https:\/\/coraliemichel.fr\/?page_id=142\">\n\t\t\t\t\t\t<span class=\"elementor-button-content-wrapper\">\n\t\t\t\t\t\t<span class=\"elementor-button-icon\">\n\t\t\t\t<i aria-hidden=\"true\" class=\"fas fa-caret-right\"><\/i>\t\t\t<\/span>\n\t\t\t\t\t\t\t\t\t<span class=\"elementor-button-text\">Notre premier contact<\/span>\n\t\t\t\t\t<\/span>\n\t\t\t\t\t<\/a>\n\t\t\t\t<\/div>\n\t\t\t\t\t\t\t\t<\/div>\n\t\t\t\t<\/div>\n\t\t\t\t\t<\/div>\n\t\t<\/div>\n\t\t\t\t\t<\/div>\n\t\t<\/section>\n\t\t\t\t<\/div>\n\t\t","protected":false},"excerpt":{"rendered":"<p>Vous en avez assez de rester seul.e face votre probl\u00e9matique Je vous accompagne d\u00e8s aujourd&rsquo;hui \u00e0 mon cabinet ou en visio J&rsquo;aime accompagner des personnes pr\u00eates \u00e0 s&rsquo;investir pleinement dans leur projet et je m&rsquo;engage en retour \u00e0 ce que notre travail ensemble produise du changement&#8230; Mes accompagnements sont accessibles \u00e0 tous les publics, d\u00e8s [&hellip;]<\/p>\n","protected":false},"author":1,"featured_media":0,"parent":0,"menu_order":0,"comment_status":"closed","ping_status":"closed","template":"elementor_header_footer","meta":{"ocean_post_layout":"","ocean_both_sidebars_style":"","ocean_both_sidebars_content_width":0,"ocean_both_sidebars_sidebars_width":0,"ocean_sidebar":"0","ocean_second_sidebar":"0","ocean_disable_margins":"enable","ocean_add_body_class":"","ocean_shortcode_before_top_bar":"","ocean_shortcode_after_top_bar":"","ocean_shortcode_before_header":"","ocean_shortcode_after_header":"","ocean_has_shortcode":"","ocean_shortcode_after_title":"","ocean_shortcode_before_footer_widgets":"","ocean_shortcode_after_footer_widgets":"","ocean_shortcode_before_footer_bottom":"","ocean_shortcode_after_footer_bottom":"","ocean_display_top_bar":"default","ocean_display_header":"default","ocean_header_style":"","ocean_center_header_left_menu":"0","ocean_custom_header_template":"0","ocean_custom_logo":0,"ocean_custom_retina_logo":0,"ocean_custom_logo_max_width":0,"ocean_custom_logo_tablet_max_width":0,"ocean_custom_logo_mobile_max_width":0,"ocean_custom_logo_max_height":0,"ocean_custom_logo_tablet_max_height":0,"ocean_custom_logo_mobile_max_height":0,"ocean_header_custom_menu":"0","ocean_menu_typo_font_family":"0","ocean_menu_typo_font_subset":"","ocean_menu_typo_font_size":0,"ocean_menu_typo_font_size_tablet":0,"ocean_menu_typo_font_size_mobile":0,"ocean_menu_typo_font_size_unit":"px","ocean_menu_typo_font_weight":"","ocean_menu_typo_font_weight_tablet":"","ocean_menu_typo_font_weight_mobile":"","ocean_menu_typo_transform":"","ocean_menu_typo_transform_tablet":"","ocean_menu_typo_transform_mobile":"","ocean_menu_typo_line_height":0,"ocean_menu_typo_line_height_tablet":0,"ocean_menu_typo_line_height_mobile":0,"ocean_menu_typo_line_height_unit":"","ocean_menu_typo_spacing":0,"ocean_menu_typo_spacing_tablet":0,"ocean_menu_typo_spacing_mobile":0,"ocean_menu_typo_spacing_unit":"","ocean_menu_link_color":"","ocean_menu_link_color_hover":"","ocean_menu_link_color_active":"","ocean_menu_link_background":"","ocean_menu_link_hover_background":"","ocean_menu_link_active_background":"","ocean_menu_social_links_bg":"","ocean_menu_social_hover_links_bg":"","ocean_menu_social_links_color":"","ocean_menu_social_hover_links_color":"","ocean_disable_title":"default","ocean_disable_heading":"default","ocean_post_title":"","ocean_post_subheading":"","ocean_post_title_style":"","ocean_post_title_background_color":"","ocean_post_title_background":0,"ocean_post_title_bg_image_position":"","ocean_post_title_bg_image_attachment":"","ocean_post_title_bg_image_repeat":"","ocean_post_title_bg_image_size":"","ocean_post_title_height":0,"ocean_post_title_bg_overlay":0.5,"ocean_post_title_bg_overlay_color":"","ocean_disable_breadcrumbs":"default","ocean_breadcrumbs_color":"","ocean_breadcrumbs_separator_color":"","ocean_breadcrumbs_links_color":"","ocean_breadcrumbs_links_hover_color":"","ocean_display_footer_widgets":"default","ocean_display_footer_bottom":"default","ocean_custom_footer_template":"0","footnotes":""},"class_list":["post-138","page","type-page","status-publish","hentry","entry"],"yoast_head":"<!-- This site is optimized with the Yoast SEO plugin v25.3.1 - https:\/\/yoast.com\/wordpress\/plugins\/seo\/ -->\n<title>Vous \u00eates un particulier - Coralie Michel<\/title>\n<meta name=\"robots\" content=\"index, follow, max-snippet:-1, max-image-preview:large, max-video-preview:-1\" \/>\n<link rel=\"canonical\" href=\"https:\/\/coraliemichel.fr\/?page_id=138\" \/>\n<meta property=\"og:locale\" content=\"fr_FR\" \/>\n<meta property=\"og:type\" content=\"article\" \/>\n<meta property=\"og:title\" content=\"Vous \u00eates un particulier - Coralie Michel\" \/>\n<meta property=\"og:description\" content=\"Vous en avez assez de rester seul.e face votre probl\u00e9matique Je vous accompagne d\u00e8s aujourd&rsquo;hui \u00e0 mon cabinet ou en visio J&rsquo;aime accompagner des personnes pr\u00eates \u00e0 s&rsquo;investir pleinement dans leur projet et je m&rsquo;engage en retour \u00e0 ce que notre travail ensemble produise du changement&#8230; Mes accompagnements sont accessibles \u00e0 tous les publics, d\u00e8s [&hellip;]\" \/>\n<meta property=\"og:url\" content=\"https:\/\/coraliemichel.fr\/?page_id=138\" \/>\n<meta property=\"og:site_name\" content=\"Coralie Michel\" \/>\n<meta property=\"article:publisher\" content=\"https:\/\/www.facebook.com\/profile.php?id=100088401117201\" \/>\n<meta property=\"article:modified_time\" content=\"2024-07-18T20:20:58+00:00\" \/>\n<meta property=\"og:image\" content=\"http:\/\/coraliemichel.fr\/wp-content\/uploads\/2023\/05\/man-2425121_1920-300x200.jpg\" \/>\n<meta name=\"twitter:card\" content=\"summary_large_image\" \/>\n<meta name=\"twitter:label1\" content=\"Dur\u00e9e de lecture estim\u00e9e\" \/>\n\t<meta name=\"twitter:data1\" content=\"1 minute\" \/>\n<script type=\"application\/ld+json\" class=\"yoast-schema-graph\">{\"@context\":\"https:\/\/schema.org\",\"@graph\":[{\"@type\":\"WebPage\",\"@id\":\"https:\/\/coraliemichel.fr\/?page_id=138\",\"url\":\"https:\/\/coraliemichel.fr\/?page_id=138\",\"name\":\"Vous \u00eates un particulier - Coralie Michel\",\"isPartOf\":{\"@id\":\"https:\/\/coraliemichel.fr\/#website\"},\"primaryImageOfPage\":{\"@id\":\"https:\/\/coraliemichel.fr\/?page_id=138#primaryimage\"},\"image\":{\"@id\":\"https:\/\/coraliemichel.fr\/?page_id=138#primaryimage\"},\"thumbnailUrl\":\"http:\/\/coraliemichel.fr\/wp-content\/uploads\/2023\/05\/man-2425121_1920-300x200.jpg\",\"datePublished\":\"2023-04-30T22:31:31+00:00\",\"dateModified\":\"2024-07-18T20:20:58+00:00\",\"breadcrumb\":{\"@id\":\"https:\/\/coraliemichel.fr\/?page_id=138#breadcrumb\"},\"inLanguage\":\"fr-FR\",\"potentialAction\":[{\"@type\":\"ReadAction\",\"target\":[\"https:\/\/coraliemichel.fr\/?page_id=138\"]}]},{\"@type\":\"ImageObject\",\"inLanguage\":\"fr-FR\",\"@id\":\"https:\/\/coraliemichel.fr\/?page_id=138#primaryimage\",\"url\":\"http:\/\/coraliemichel.fr\/wp-content\/uploads\/2023\/05\/man-2425121_1920-300x200.jpg\",\"contentUrl\":\"http:\/\/coraliemichel.fr\/wp-content\/uploads\/2023\/05\/man-2425121_1920-300x200.jpg\"},{\"@type\":\"BreadcrumbList\",\"@id\":\"https:\/\/coraliemichel.fr\/?page_id=138#breadcrumb\",\"itemListElement\":[{\"@type\":\"ListItem\",\"position\":1,\"name\":\"Accueil\",\"item\":\"https:\/\/coraliemichel.fr\/\"},{\"@type\":\"ListItem\",\"position\":2,\"name\":\"Vous \u00eates un particulier\"}]},{\"@type\":\"WebSite\",\"@id\":\"https:\/\/coraliemichel.fr\/#website\",\"url\":\"https:\/\/coraliemichel.fr\/\",\"name\":\"Coralie Michel\",\"description\":\"\",\"publisher\":{\"@id\":\"https:\/\/coraliemichel.fr\/#\/schema\/person\/8622c692ecfa96b858d12a97b3567c5e\"},\"potentialAction\":[{\"@type\":\"SearchAction\",\"target\":{\"@type\":\"EntryPoint\",\"urlTemplate\":\"https:\/\/coraliemichel.fr\/?s={search_term_string}\"},\"query-input\":{\"@type\":\"PropertyValueSpecification\",\"valueRequired\":true,\"valueName\":\"search_term_string\"}}],\"inLanguage\":\"fr-FR\"},{\"@type\":[\"Person\",\"Organization\"],\"@id\":\"https:\/\/coraliemichel.fr\/#\/schema\/person\/8622c692ecfa96b858d12a97b3567c5e\",\"name\":\"cms.coraliemichel@gmail.com\",\"image\":{\"@type\":\"ImageObject\",\"inLanguage\":\"fr-FR\",\"@id\":\"https:\/\/coraliemichel.fr\/#\/schema\/person\/image\/\",\"url\":\"https:\/\/coraliemichel.fr\/wp-content\/uploads\/2023\/09\/cropped-Beige-Elegant-Wedding-Name-Tag.png\",\"contentUrl\":\"https:\/\/coraliemichel.fr\/wp-content\/uploads\/2023\/09\/cropped-Beige-Elegant-Wedding-Name-Tag.png\",\"width\":727,\"height\":289,\"caption\":\"cms.coraliemichel@gmail.com\"},\"logo\":{\"@id\":\"https:\/\/coraliemichel.fr\/#\/schema\/person\/image\/\"},\"sameAs\":[\"http:\/\/coraliemichel.fr\",\"https:\/\/www.facebook.com\/profile.php?id=100088401117201\",\"https:\/\/www.instagram.com\/coralie.michel.712\/\",\"https:\/\/www.linkedin.com\/in\/coralie-michel-5049752b\/\"]}]}<\/script>\n<!-- \/ Yoast SEO plugin. -->","yoast_head_json":{"title":"Vous \u00eates un particulier - Coralie Michel","robots":{"index":"index","follow":"follow","max-snippet":"max-snippet:-1","max-image-preview":"max-image-preview:large","max-video-preview":"max-video-preview:-1"},"canonical":"https:\/\/coraliemichel.fr\/?page_id=138","og_locale":"fr_FR","og_type":"article","og_title":"Vous \u00eates un particulier - Coralie Michel","og_description":"Vous en avez assez de rester seul.e face votre probl\u00e9matique Je vous accompagne d\u00e8s aujourd&rsquo;hui \u00e0 mon cabinet ou en visio J&rsquo;aime accompagner des personnes pr\u00eates \u00e0 s&rsquo;investir pleinement dans leur projet et je m&rsquo;engage en retour \u00e0 ce que notre travail ensemble produise du changement&#8230; Mes accompagnements sont accessibles \u00e0 tous les publics, d\u00e8s [&hellip;]","og_url":"https:\/\/coraliemichel.fr\/?page_id=138","og_site_name":"Coralie Michel","article_publisher":"https:\/\/www.facebook.com\/profile.php?id=100088401117201","article_modified_time":"2024-07-18T20:20:58+00:00","og_image":[{"url":"http:\/\/coraliemichel.fr\/wp-content\/uploads\/2023\/05\/man-2425121_1920-300x200.jpg","type":"","width":"","height":""}],"twitter_card":"summary_large_image","twitter_misc":{"Dur\u00e9e de lecture estim\u00e9e":"1 minute"},"schema":{"@context":"https:\/\/schema.org","@graph":[{"@type":"WebPage","@id":"https:\/\/coraliemichel.fr\/?page_id=138","url":"https:\/\/coraliemichel.fr\/?page_id=138","name":"Vous \u00eates un particulier - Coralie Michel","isPartOf":{"@id":"https:\/\/coraliemichel.fr\/#website"},"primaryImageOfPage":{"@id":"https:\/\/coraliemichel.fr\/?page_id=138#primaryimage"},"image":{"@id":"https:\/\/coraliemichel.fr\/?page_id=138#primaryimage"},"thumbnailUrl":"http:\/\/coraliemichel.fr\/wp-content\/uploads\/2023\/05\/man-2425121_1920-300x200.jpg","datePublished":"2023-04-30T22:31:31+00:00","dateModified":"2024-07-18T20:20:58+00:00","breadcrumb":{"@id":"https:\/\/coraliemichel.fr\/?page_id=138#breadcrumb"},"inLanguage":"fr-FR","potentialAction":[{"@type":"ReadAction","target":["https:\/\/coraliemichel.fr\/?page_id=138"]}]},{"@type":"ImageObject","inLanguage":"fr-FR","@id":"https:\/\/coraliemichel.fr\/?page_id=138#primaryimage","url":"http:\/\/coraliemichel.fr\/wp-content\/uploads\/2023\/05\/man-2425121_1920-300x200.jpg","contentUrl":"http:\/\/coraliemichel.fr\/wp-content\/uploads\/2023\/05\/man-2425121_1920-300x200.jpg"},{"@type":"BreadcrumbList","@id":"https:\/\/coraliemichel.fr\/?page_id=138#breadcrumb","itemListElement":[{"@type":"ListItem","position":1,"name":"Accueil","item":"https:\/\/coraliemichel.fr\/"},{"@type":"ListItem","position":2,"name":"Vous \u00eates un particulier"}]},{"@type":"WebSite","@id":"https:\/\/coraliemichel.fr\/#website","url":"https:\/\/coraliemichel.fr\/","name":"Coralie Michel","description":"","publisher":{"@id":"https:\/\/coraliemichel.fr\/#\/schema\/person\/8622c692ecfa96b858d12a97b3567c5e"},"potentialAction":[{"@type":"SearchAction","target":{"@type":"EntryPoint","urlTemplate":"https:\/\/coraliemichel.fr\/?s={search_term_string}"},"query-input":{"@type":"PropertyValueSpecification","valueRequired":true,"valueName":"search_term_string"}}],"inLanguage":"fr-FR"},{"@type":["Person","Organization"],"@id":"https:\/\/coraliemichel.fr\/#\/schema\/person\/8622c692ecfa96b858d12a97b3567c5e","name":"cms.coraliemichel@gmail.com","image":{"@type":"ImageObject","inLanguage":"fr-FR","@id":"https:\/\/coraliemichel.fr\/#\/schema\/person\/image\/","url":"https:\/\/coraliemichel.fr\/wp-content\/uploads\/2023\/09\/cropped-Beige-Elegant-Wedding-Name-Tag.png","contentUrl":"https:\/\/coraliemichel.fr\/wp-content\/uploads\/2023\/09\/cropped-Beige-Elegant-Wedding-Name-Tag.png","width":727,"height":289,"caption":"cms.coraliemichel@gmail.com"},"logo":{"@id":"https:\/\/coraliemichel.fr\/#\/schema\/person\/image\/"},"sameAs":["http:\/\/coraliemichel.fr","https:\/\/www.facebook.com\/profile.php?id=100088401117201","https:\/\/www.instagram.com\/coralie.michel.712\/","https:\/\/www.linkedin.com\/in\/coralie-michel-5049752b\/"]}]}},"_links":{"self":[{"href":"https:\/\/coraliemichel.fr\/index.php?rest_route=\/wp\/v2\/pages\/138","targetHints":{"allow":["GET"]}}],"collection":[{"href":"https:\/\/coraliemichel.fr\/index.php?rest_route=\/wp\/v2\/pages"}],"about":[{"href":"https:\/\/coraliemichel.fr\/index.php?rest_route=\/wp\/v2\/types\/page"}],"author":[{"embeddable":true,"href":"https:\/\/coraliemichel.fr\/index.php?rest_route=\/wp\/v2\/users\/1"}],"replies":[{"embeddable":true,"href":"https:\/\/coraliemichel.fr\/index.php?rest_route=%2Fwp%2Fv2%2Fcomments&post=138"}],"version-history":[{"count":32,"href":"https:\/\/coraliemichel.fr\/index.php?rest_route=\/wp\/v2\/pages\/138\/revisions"}],"predecessor-version":[{"id":2373,"href":"https:\/\/coraliemichel.fr\/index.php?rest_route=\/wp\/v2\/pages\/138\/revisions\/2373"}],"wp:attachment":[{"href":"https:\/\/coraliemichel.fr\/index.php?rest_route=%2Fwp%2Fv2%2Fmedia&parent=138"}],"curies":[{"name":"wp","href":"https:\/\/api.w.org\/{rel}","templated":true}]}}